{"id":12,"date":"2018-03-30T13:17:17","date_gmt":"2018-03-30T13:17:17","guid":{"rendered":"http:\/\/ilanyard.digitalpixels.co\/?page_id=12"},"modified":"2025-04-10T07:48:41","modified_gmt":"2025-04-10T07:48:41","slug":"uber-uns","status":"publish","type":"page","link":"https:\/\/www.ilanyardmfg.com\/de\/uber-uns\/","title":{"rendered":"\u00dcber uns"},"content":{"rendered":"<div class=\"aboutPageBanner innerPageBanner\">\n<div class=\"container\">\n<div class=\"row\">\n<div class=\"col-sm-12 col-md-6\">\n<div class=\"bannerText\">\n<div class=\"bannerHeading paddBottom30 bottomSeprater bottomSepraterWhite\">\u00dcber iLanyards<\/div>\n<div class=\"bannerSlogan\">Mit Lanyards Resources k\u00f6nnen Sie ganz einfach die perfekten Lanyards f\u00fcr Ihre Anforderungen erstellen und sich darauf verlassen, dass sie genau Ihren Erwartungen entsprechen.<\/div>\n<\/div>\n<\/div>\n<\/div>\n<\/div>\n<\/div>\n<div class=\"aboutContent paddTop65 paddBottom75\">\n<div class=\"container\">\n<div class=\"row cust-row\">\n<div class=\"col-sm-12\">\n<h1 class=\"bottomSeprater paddBottom30 clrOrange\">\u00dcber iLanyards<\/h1>\n<\/div>\n<div class=\"col-sm-12 col-md-7\">\n<p>iLanyards ist einer der leistungsf\u00e4higsten Werbeartikellieferanten in China. Zu unseren Produkten geh\u00f6ren die <a href=\"\/de\/schlusselband\/polyester-lanyards\/\">Polyester-Lanyard<\/a>, <a href=\"\/de\/schlusselband\/nylon-schlusselband\/\">Nylon-Schl\u00fcsselband<\/a>, r\u00f6hrenf\u00f6rmiges Schl\u00fcsselband, gewebtes Schl\u00fcsselband, Siebdruck-Schl\u00fcsselband und beliebte <a href=\"\/de\/schlusselband\/sublimationslanyards\/\">Sublimations-Lanyard<\/a>.<\/p>\n<p>Mit mehr als 13 Jahren Erfahrung auf dem Lanyard-Markt sind wir der zuverl\u00e4ssige Partner, den Sie in China suchen. iLanyards beliefert \u00fcber 300 Kunden auf der ganzen Welt.<\/p>\n<p>Mehr als 1500 Quadratmeter Werkstatt und 30 Arbeitgeber. Und haben gut ausgestattet <a href=\"https:\/\/www.ilanyardmfg.com\/de\/lanyards-fabrik\/\" target=\"_blank\" rel=\"noopener\">Lanyards Fabrik<\/a> im Land, so dass wir die Kapazit\u00e4ten haben, die Nachfrage nach Gro\u00dfauftr\u00e4gen zu bew\u00e4ltigen und uns auch um die individuelle Anpassung kleinerer Auftr\u00e4ge f\u00fcr jeden Tag zu k\u00fcmmern. Gestalten Sie Ihr eigenes Schl\u00fcsselband beim Hersteller iLanyards <span class=\"clrOrange\">keine Einrichtungsgeb\u00fchr<\/span>, Und <span class=\"clrOrange\">kostenlose Probe<\/span> wird bei Bedarf mitgeliefert.<\/p>\n<p>Wichtig: Unsere Lieferzeit wird halbiert, da es keinen Zwischenh\u00e4ndler und nur eine Route gibt. Direkt von unserer Fabrik zu Ihnen: das Schl\u00fcsselband h\u00f6chster Qualit\u00e4t!<\/p>\n<p>Um unseren h\u00f6chsten Qualit\u00e4tsstandard zu gew\u00e4hrleisten, muss jedes Einheitsband <span class=\"clrOrange\">100% gepr\u00fcft<\/span> vor dem Versand.<\/p>\n<\/div>\n<div class=\"col-sm-12 col-md-5 videoWraper\">\n<div class=\"ast-oembed-container\" style=\"height: 100%;\"><iframe loading=\"lazy\" title=\"Ihre beste Fabrik f\u00fcr kundenspezifische Lanyards und Armb\u00e4nder in China - iLanyardmfg\" width=\"500\" height=\"281\" src=\"https:\/\/www.youtube.com\/embed\/yBab5DTlGjs?feature=oembed\" frameborder=\"0\" allow=\"accelerometer; autoplay; clipboard-write; encrypted-media; gyroscope; picture-in-picture; web-share\" referrerpolicy=\"strict-origin-when-cross-origin\" allowfullscreen><\/iframe><\/div>\n<\/div>\n<\/div>\n<\/div>\n<\/div>\n<div class=\"greySection paddTop75 paddBottom75\">\n<div class=\"container\">\n<div class=\"row cust-row\">\n<div class=\"col-sm-12\">\n<h2 class=\"paddBottom40 text-center bottomSeprater sepCenter\"><span class=\"clrOrange\">Produkt<\/span> Linien<\/h2>\n<\/div>\n<div class=\"clearfix\"><\/div>\n<div class=\"text-center paddTop55\"><div id='About_Us_Slider' class='widgets_on_page wop_tiny1  wop_small1  wop_medium1  wop_large1  wop_wide1'>\n\t\t\t<ul><li id=\"custom_html-12\" class=\"widget_text widget widget_custom_html\"><div class=\"textwidget custom-html-widget\"><ul class=\"aboutSlider\">\r\n\t<li>\r\n\t\t<div class=\"productBox\">\r\n\t\t\t<div class=\"productImage\"><a href=\"\/de\/schlusselband\/\"><img decoding=\"async\" src=\"\/wp-content\/uploads\/2018\/04\/sublimation-lanyards.jpg\" alt=\"Sublimationslanyards\"><\/a><\/div>\r\n\t\t\t<div class=\"productTitle\"><a href=\"\/de\/schlusselband\/\">Schl\u00fcsselb\u00e4nder<\/a><\/div>\r\n\t\t\t<div class=\"productLink\"><a href=\"\/de\/schlusselband\/\">Mehr lesen<\/a><\/div>\r\n\t\t<\/div>\r\n\t<\/li>\r\n\t<li>\r\n\t\t<div class=\"productBox\">\r\n\t\t\t<div class=\"productImage\"><a href=\"\/de\/hundeleine\/\"><img decoding=\"async\" src=\"\/wp-content\/uploads\/2018\/04\/Dog-Leash.jpg\" alt=\"Hundeleine\"><\/a><\/div>\r\n\t\t\t<div class=\"productTitle\"><a href=\"\/de\/hundeleine\/\">Hundeleine<\/a><\/div>\r\n\t\t\t<div class=\"productLink\"><a href=\"\/de\/hundeleine\/\">Mehr lesen<\/a><\/div>\r\n\t\t<\/div>\r\n\t<\/li>\r\n\t<li>\r\n\t\t<div class=\"productBox\">\r\n\t\t\t<div class=\"productImage\"><a href=\"\/de\/kameragurte\/\"><img decoding=\"async\" src=\"\/wp-content\/uploads\/2018\/04\/Camera-Straps.jpg\" alt=\"Kameragurte\"><\/a><\/div>\r\n\t\t\t<div class=\"productTitle\"><a href=\"\/de\/kameragurte\/\">Kameragurte<\/a><\/div>\r\n\t\t\t<div class=\"productLink\"><a href=\"\/de\/kameragurte\/\">Mehr lesen<\/a><\/div>\r\n\t\t<\/div>\r\n\t<\/li>\r\n\t<li>\r\n\t\t<div class=\"productBox\">\r\n\t\t\t<div class=\"productImage\"><a href=\"\/de\/gepackgurte\/\"><img decoding=\"async\" src=\"\/wp-content\/uploads\/2018\/04\/Luggage-Straps.jpg\" alt=\"Gep\u00e4ckgurte\"><\/a><\/div>\r\n\t\t\t<div class=\"productTitle\"><a href=\"\/de\/gepackgurte\/\">Gep\u00e4ckgurte<\/a><\/div>\r\n\t\t\t<div class=\"productLink\"><a href=\"\/de\/gepackgurte\/\">Mehr lesen<\/a><\/div>\r\n\t\t<\/div>\r\n\t<\/li>\r\n\t<li>\r\n\t\t<div class=\"productBox\">\r\n\t\t\t<div class=\"productImage\"><a href=\"\/de\/hundeleine\/\"><img decoding=\"async\" src=\"\/wp-content\/uploads\/2018\/04\/Dog-Leash.jpg\" alt=\"Hundeleine\"><\/a><\/div>\r\n\t\t\t<div class=\"productTitle\"><a href=\"\/de\/hundeleine\/\">Hundeleine<\/a><\/div>\r\n\t\t\t<div class=\"productLink\"><a href=\"\/de\/hundeleine\/\">Mehr lesen<\/a><\/div>\r\n\t\t<\/div>\r\n\t<\/li>\r\n<\/ul><\/div><\/li><\/ul><\/div><!-- widgets_on_page --><\/div>\n<\/div>\n<\/div>\n<\/div>\n<div class=\"wideContactForm paddTop55 paddBottom80\">\n<div class=\"container container830\">\n<div class=\"row cust-row\">\n<div class=\"col-sm-12 text-center\">\n<h2 class=\"paddBottom15\">Wir unterst\u00fctzen Ihr Unternehmen<\/h2>\n<div class=\"extraSlogan clrOrange paddBottom35\">L\u00f6sen Sie Ihre Probleme und senken Sie Ihre Kosten<\/div>\n<\/div>\n<div class=\"clearfix\"><\/div>\n\n<div class=\"wpcf7 no-js\" id=\"wpcf7-f1298-o1\" lang=\"en-US\" dir=\"ltr\" data-wpcf7-id=\"1298\">\n<div class=\"screen-reader-response\"><p role=\"status\" aria-live=\"polite\" aria-atomic=\"true\"><\/p> <ul><\/ul><\/div>\n<form action=\"\/de\/wp-json\/wp\/v2\/pages\/12#wpcf7-f1298-o1\" method=\"post\" class=\"wpcf7-form init\" aria-label=\"Kontaktformular\" novalidate=\"novalidate\" data-status=\"init\" data-trp-original-action=\"\/de\/wp-json\/wp\/v2\/pages\/12#wpcf7-f1298-o1\">\n<fieldset class=\"hidden-fields-container\"><input type=\"hidden\" name=\"_wpcf7\" value=\"1298\" \/><input type=\"hidden\" name=\"_wpcf7_version\" value=\"6.1.4\" \/><input type=\"hidden\" name=\"_wpcf7_locale\" value=\"en_US\" \/><input type=\"hidden\" name=\"_wpcf7_unit_tag\" value=\"wpcf7-f1298-o1\" \/><input type=\"hidden\" name=\"_wpcf7_container_post\" value=\"0\" \/><input type=\"hidden\" name=\"_wpcf7_posted_data_hash\" value=\"\" \/>\n<\/fieldset>\n<p>Ihr Name:<br \/>\n<span class=\"wpcf7-form-control-wrap\" data-name=\"yourname\"><input size=\"40\" maxlength=\"400\" class=\"wpcf7-form-control wpcf7-text wpcf7-validates-as-required\" aria-required=\"true\" aria-invalid=\"false\" placeholder=\"Geben Sie hier Ihren Namen ein\" value=\"\" type=\"text\" name=\"yourname\" \/><\/span>\n<\/p>\n<p>Ihre E-Mail:<br \/>\n<span class=\"wpcf7-form-control-wrap\" data-name=\"email\"><input size=\"40\" maxlength=\"400\" class=\"wpcf7-form-control wpcf7-email wpcf7-validates-as-required wpcf7-text wpcf7-validates-as-email\" aria-required=\"true\" aria-invalid=\"false\" placeholder=\"Tragen Sie hier Ihre E-Mail-Adresse ein\" value=\"\" type=\"email\" name=\"email\" \/><\/span>\n<\/p>\n<p>Ihre Firma:<br \/>\n<span class=\"wpcf7-form-control-wrap\" data-name=\"yourcompany\"><input size=\"40\" maxlength=\"400\" class=\"wpcf7-form-control wpcf7-text wpcf7-validates-as-required\" aria-required=\"true\" aria-invalid=\"false\" placeholder=\"Geben Sie hier Ihren Firmennamen ein\" value=\"\" type=\"text\" name=\"yourcompany\" \/><\/span>\n<\/p>\n<p>Ihre Nachricht:<br \/>\n<span class=\"wpcf7-form-control-wrap\" data-name=\"yourinquirement\"><input size=\"40\" maxlength=\"400\" class=\"wpcf7-form-control wpcf7-text wpcf7-validates-as-required\" aria-required=\"true\" aria-invalid=\"false\" placeholder=\"Geben Sie hier Ihre Anfrage ein\" value=\"\" type=\"text\" name=\"yourinquirement\" \/><\/span>\n<\/p>\n<p><input class=\"wpcf7-form-control wpcf7-submit has-spinner\" type=\"submit\" value=\"Schicken\" \/>\n<\/p><div class=\"wpcf7-response-output\" aria-hidden=\"true\"><\/div>\n<input type=\"hidden\" name=\"trp-form-language\" value=\"de\"\/><\/form>\n<\/div>\n\n<\/div>\n<\/div>\n<\/div>","protected":false},"excerpt":{"rendered":"<p>About iLanyards Lanyards Resources makes it easy to create the perfect lanyards for your needs with the confidence they&#8217;ll look exactly like you expect. About iLanyards iLanyards is one of [&hellip;]<\/p>","protected":false},"author":1,"featured_media":0,"parent":0,"menu_order":2,"comment_status":"closed","ping_status":"closed","template":"","meta":{"_acf_changed":false,"site-sidebar-layout":"no-sidebar","site-content-layout":"","ast-site-content-layout":"full-width-container","site-content-style":"default","site-sidebar-style":"default","ast-global-header-display":"","ast-banner-title-visibility":"","ast-main-header-display":"","ast-hfb-above-header-display":"","ast-hfb-below-header-display":"","ast-hfb-mobile-header-display":"","site-post-title":"disabled","ast-breadcrumbs-content":"disabled","ast-featured-img":"disabled","footer-sml-layout":"","ast-disable-related-posts":"","theme-transparent-header-meta":"default","adv-header-id-meta":"","stick-header-meta":"default","header-above-stick-meta":"","header-main-stick-meta":"","header-below-stick-meta":"","astra-migrate-meta-layouts":"set","ast-page-background-enabled":"default","ast-page-background-meta":{"desktop":{"background-color":"var(--ast-global-color-4)","background-image":"","background-repeat":"repeat","background-position":"center center","background-size":"auto","background-attachment":"scroll","background-type":"","background-media":"","overlay-type":"","overlay-color":"","overlay-opacity":"","overlay-gradient":""},"tablet":{"background-color":"","background-image":"","background-repeat":"repeat","background-position":"center center","background-size":"auto","background-attachment":"scroll","background-type":"","background-media":"","overlay-type":"","overlay-color":"","overlay-opacity":"","overlay-gradient":""},"mobile":{"background-color":"","background-image":"","background-repeat":"repeat","background-position":"center center","background-size":"auto","background-attachment":"scroll","background-type":"","background-media":"","overlay-type":"","overlay-color":"","overlay-opacity":"","overlay-gradient":""}},"ast-content-background-meta":{"desktop":{"background-color":"var(--ast-global-color-5)","background-image":"","background-repeat":"repeat","background-position":"center center","background-size":"auto","background-attachment":"scroll","background-type":"","background-media":"","overlay-type":"","overlay-color":"","overlay-opacity":"","overlay-gradient":""},"tablet":{"background-color":"var(--ast-global-color-5)","background-image":"","background-repeat":"repeat","background-position":"center center","background-size":"auto","background-attachment":"scroll","background-type":"","background-media":"","overlay-type":"","overlay-color":"","overlay-opacity":"","overlay-gradient":""},"mobile":{"background-color":"var(--ast-global-color-5)","background-image":"","background-repeat":"repeat","background-position":"center center","background-size":"auto","background-attachment":"scroll","background-type":"","background-media":"","overlay-type":"","overlay-color":"","overlay-opacity":"","overlay-gradient":""}},"footnotes":""},"class_list":["post-12","page","type-page","status-publish","hentry"],"acf":[],"yoast_head":"<!-- This site is optimized with the Yoast SEO plugin v27.2 - https:\/\/yoast.com\/product\/yoast-seo-wordpress\/ -->\n<title>About iLanyards | You best Lanyards Partner<\/title>\n<meta name=\"robots\" content=\"index, follow, max-snippet:-1, max-image-preview:large, max-video-preview:-1\" \/>\n<link rel=\"canonical\" href=\"https:\/\/www.ilanyardmfg.com\/de\/uber-uns\/\" \/>\n<meta property=\"og:locale\" content=\"de_DE\" \/>\n<meta property=\"og:type\" content=\"article\" \/>\n<meta property=\"og:title\" content=\"About iLanyards | You best Lanyards Partner\" \/>\n<meta property=\"og:description\" content=\"About iLanyards Lanyards Resources makes it easy to create the perfect lanyards for your needs with the confidence they&#8217;ll look exactly like you expect. About iLanyards iLanyards is one of [&hellip;]\" \/>\n<meta property=\"og:url\" content=\"https:\/\/www.ilanyardmfg.com\/de\/uber-uns\/\" \/>\n<meta property=\"og:site_name\" content=\"Custom Lanyard Factory in China\" \/>\n<meta property=\"article:modified_time\" content=\"2025-04-10T07:48:41+00:00\" \/>\n<meta name=\"twitter:card\" content=\"summary_large_image\" \/>\n<meta name=\"twitter:label1\" content=\"Gesch\u00e4tzte Lesezeit\" \/>\n\t<meta name=\"twitter:data1\" content=\"1\u00a0Minute\" \/>\n<script type=\"application\/ld+json\" class=\"yoast-schema-graph\">{\"@context\":\"https:\/\/schema.org\",\"@graph\":[{\"@type\":\"WebPage\",\"@id\":\"https:\/\/www.ilanyardmfg.com\/about-us\/\",\"url\":\"https:\/\/www.ilanyardmfg.com\/about-us\/\",\"name\":\"About iLanyards | You best Lanyards Partner\",\"isPartOf\":{\"@id\":\"https:\/\/www.ilanyardmfg.com\/#website\"},\"datePublished\":\"2018-03-30T13:17:17+00:00\",\"dateModified\":\"2025-04-10T07:48:41+00:00\",\"breadcrumb\":{\"@id\":\"https:\/\/www.ilanyardmfg.com\/about-us\/#breadcrumb\"},\"inLanguage\":\"de\",\"potentialAction\":[{\"@type\":\"ReadAction\",\"target\":[\"https:\/\/www.ilanyardmfg.com\/about-us\/\"]}]},{\"@type\":\"BreadcrumbList\",\"@id\":\"https:\/\/www.ilanyardmfg.com\/about-us\/#breadcrumb\",\"itemListElement\":[{\"@type\":\"ListItem\",\"position\":1,\"name\":\"Home\",\"item\":\"https:\/\/www.ilanyardmfg.com\/\"},{\"@type\":\"ListItem\",\"position\":2,\"name\":\"About Us\"}]},{\"@type\":\"WebSite\",\"@id\":\"https:\/\/www.ilanyardmfg.com\/#website\",\"url\":\"https:\/\/www.ilanyardmfg.com\/\",\"name\":\"Custom Lanyard Factory in China\",\"description\":\"\",\"publisher\":{\"@id\":\"https:\/\/www.ilanyardmfg.com\/#organization\"},\"potentialAction\":[{\"@type\":\"SearchAction\",\"target\":{\"@type\":\"EntryPoint\",\"urlTemplate\":\"https:\/\/www.ilanyardmfg.com\/?s={search_term_string}\"},\"query-input\":{\"@type\":\"PropertyValueSpecification\",\"valueRequired\":true,\"valueName\":\"search_term_string\"}}],\"inLanguage\":\"de\"},{\"@type\":\"Organization\",\"@id\":\"https:\/\/www.ilanyardmfg.com\/#organization\",\"name\":\"Custom Lanyard Factory in China\",\"url\":\"https:\/\/www.ilanyardmfg.com\/\",\"logo\":{\"@type\":\"ImageObject\",\"inLanguage\":\"de\",\"@id\":\"https:\/\/www.ilanyardmfg.com\/#\/schema\/logo\/image\/\",\"url\":\"https:\/\/www.ilanyardmfg.com\/wp-content\/uploads\/2018\/03\/logo.png\",\"contentUrl\":\"https:\/\/www.ilanyardmfg.com\/wp-content\/uploads\/2018\/03\/logo.png\",\"width\":217,\"height\":46,\"caption\":\"Custom Lanyard Factory in China\"},\"image\":{\"@id\":\"https:\/\/www.ilanyardmfg.com\/#\/schema\/logo\/image\/\"}}]}<\/script>\n<!-- \/ Yoast SEO plugin. -->","yoast_head_json":{"title":"\u00dcber iLanyards | Ihr bester Lanyards-Partner","robots":{"index":"index","follow":"follow","max-snippet":"max-snippet:-1","max-image-preview":"max-image-preview:large","max-video-preview":"max-video-preview:-1"},"canonical":"https:\/\/www.ilanyardmfg.com\/de\/uber-uns\/","og_locale":"de_DE","og_type":"article","og_title":"About iLanyards | You best Lanyards Partner","og_description":"About iLanyards Lanyards Resources makes it easy to create the perfect lanyards for your needs with the confidence they&#8217;ll look exactly like you expect. About iLanyards iLanyards is one of [&hellip;]","og_url":"https:\/\/www.ilanyardmfg.com\/de\/uber-uns\/","og_site_name":"Custom Lanyard Factory in China","article_modified_time":"2025-04-10T07:48:41+00:00","twitter_card":"summary_large_image","twitter_misc":{"Gesch\u00e4tzte Lesezeit":"1\u00a0Minute"},"schema":{"@context":"https:\/\/schema.org","@graph":[{"@type":"WebPage","@id":"https:\/\/www.ilanyardmfg.com\/about-us\/","url":"https:\/\/www.ilanyardmfg.com\/about-us\/","name":"\u00dcber iLanyards | Ihr bester Lanyards-Partner","isPartOf":{"@id":"https:\/\/www.ilanyardmfg.com\/#website"},"datePublished":"2018-03-30T13:17:17+00:00","dateModified":"2025-04-10T07:48:41+00:00","breadcrumb":{"@id":"https:\/\/www.ilanyardmfg.com\/about-us\/#breadcrumb"},"inLanguage":"de","potentialAction":[{"@type":"ReadAction","target":["https:\/\/www.ilanyardmfg.com\/about-us\/"]}]},{"@type":"BreadcrumbList","@id":"https:\/\/www.ilanyardmfg.com\/about-us\/#breadcrumb","itemListElement":[{"@type":"ListItem","position":1,"name":"Home","item":"https:\/\/www.ilanyardmfg.com\/"},{"@type":"ListItem","position":2,"name":"About Us"}]},{"@type":"WebSite","@id":"https:\/\/www.ilanyardmfg.com\/#website","url":"https:\/\/www.ilanyardmfg.com\/","name":"Fabrik f\u00fcr kundenspezifische Schl\u00fcsselb\u00e4nder in China","description":"","publisher":{"@id":"https:\/\/www.ilanyardmfg.com\/#organization"},"potentialAction":[{"@type":"SearchAction","target":{"@type":"EntryPoint","urlTemplate":"https:\/\/www.ilanyardmfg.com\/?s={search_term_string}"},"query-input":{"@type":"PropertyValueSpecification","valueRequired":true,"valueName":"search_term_string"}}],"inLanguage":"de"},{"@type":"Organization","@id":"https:\/\/www.ilanyardmfg.com\/#organization","name":"Fabrik f\u00fcr kundenspezifische Schl\u00fcsselb\u00e4nder in China","url":"https:\/\/www.ilanyardmfg.com\/","logo":{"@type":"ImageObject","inLanguage":"de","@id":"https:\/\/www.ilanyardmfg.com\/#\/schema\/logo\/image\/","url":"https:\/\/www.ilanyardmfg.com\/wp-content\/uploads\/2018\/03\/logo.png","contentUrl":"https:\/\/www.ilanyardmfg.com\/wp-content\/uploads\/2018\/03\/logo.png","width":217,"height":46,"caption":"Custom Lanyard Factory in China"},"image":{"@id":"https:\/\/www.ilanyardmfg.com\/#\/schema\/logo\/image\/"}}]}},"_links":{"self":[{"href":"https:\/\/www.ilanyardmfg.com\/de\/wp-json\/wp\/v2\/pages\/12","targetHints":{"allow":["GET"]}}],"collection":[{"href":"https:\/\/www.ilanyardmfg.com\/de\/wp-json\/wp\/v2\/pages"}],"about":[{"href":"https:\/\/www.ilanyardmfg.com\/de\/wp-json\/wp\/v2\/types\/page"}],"author":[{"embeddable":true,"href":"https:\/\/www.ilanyardmfg.com\/de\/wp-json\/wp\/v2\/users\/1"}],"replies":[{"embeddable":true,"href":"https:\/\/www.ilanyardmfg.com\/de\/wp-json\/wp\/v2\/comments?post=12"}],"version-history":[{"count":6,"href":"https:\/\/www.ilanyardmfg.com\/de\/wp-json\/wp\/v2\/pages\/12\/revisions"}],"predecessor-version":[{"id":1300,"href":"https:\/\/www.ilanyardmfg.com\/de\/wp-json\/wp\/v2\/pages\/12\/revisions\/1300"}],"wp:attachment":[{"href":"https:\/\/www.ilanyardmfg.com\/de\/wp-json\/wp\/v2\/media?parent=12"}],"curies":[{"name":"wp","href":"https:\/\/api.w.org\/{rel}","templated":true}]}}