{"id":14,"date":"2018-03-30T13:17:39","date_gmt":"2018-03-30T13:17:39","guid":{"rendered":"http:\/\/ilanyard.digitalpixels.co\/?page_id=14"},"modified":"2024-09-28T07:48:51","modified_gmt":"2024-09-28T07:48:51","slug":"schlusselband","status":"publish","type":"page","link":"https:\/\/www.ilanyardmfg.com\/de\/schlusselband\/","title":{"rendered":"Schl\u00fcsselband"},"content":{"rendered":"","protected":false},"excerpt":{"rendered":"","protected":false},"author":1,"featured_media":885,"parent":0,"menu_order":3,"comment_status":"closed","ping_status":"closed","template":"product-category.php","meta":{"_acf_changed":false,"site-sidebar-layout":"no-sidebar","site-content-layout":null,"ast-site-content-layout":"full-width-container","site-content-style":"default","site-sidebar-style":"default","ast-global-header-display":"","ast-banner-title-visibility":"","ast-main-header-display":"","ast-hfb-above-header-display":null,"ast-hfb-below-header-display":null,"ast-hfb-mobile-header-display":"","site-post-title":"disabled","ast-breadcrumbs-content":"disabled","ast-featured-img":"disabled","footer-sml-layout":"","ast-disable-related-posts":"","theme-transparent-header-meta":"","adv-header-id-meta":"","stick-header-meta":"","header-above-stick-meta":null,"header-main-stick-meta":"","header-below-stick-meta":null,"astra-migrate-meta-layouts":"default","ast-page-background-enabled":"default","ast-page-background-meta":{"desktop":{"background-color":"var(--ast-global-color-4)","background-image":"","background-repeat":"repeat","background-position":"center center","background-size":"auto","background-attachment":"scroll","background-type":"","background-media":"","overlay-type":"","overlay-color":"","overlay-opacity":"","overlay-gradient":""},"tablet":{"background-color":"","background-image":"","background-repeat":"repeat","background-position":"center center","background-size":"auto","background-attachment":"scroll","background-type":"","background-media":"","overlay-type":"","overlay-color":"","overlay-opacity":"","overlay-gradient":""},"mobile":{"background-color":"","background-image":"","background-repeat":"repeat","background-position":"center center","background-size":"auto","background-attachment":"scroll","background-type":"","background-media":"","overlay-type":"","overlay-color":"","overlay-opacity":"","overlay-gradient":""}},"ast-content-background-meta":{"desktop":{"background-color":"var(--ast-global-color-5)","background-image":"","background-repeat":"repeat","background-position":"center center","background-size":"auto","background-attachment":"scroll","background-type":"","background-media":"","overlay-type":"","overlay-color":"","overlay-opacity":"","overlay-gradient":""},"tablet":{"background-color":"var(--ast-global-color-5)","background-image":"","background-repeat":"repeat","background-position":"center center","background-size":"auto","background-attachment":"scroll","background-type":"","background-media":"","overlay-type":"","overlay-color":"","overlay-opacity":"","overlay-gradient":""},"mobile":{"background-color":"var(--ast-global-color-5)","background-image":"","background-repeat":"repeat","background-position":"center center","background-size":"auto","background-attachment":"scroll","background-type":"","background-media":"","overlay-type":"","overlay-color":"","overlay-opacity":"","overlay-gradient":""}},"footnotes":""},"class_list":["post-14","page","type-page","status-publish","has-post-thumbnail","hentry"],"acf":[],"yoast_head":"<!-- This site is optimized with the Yoast SEO plugin v27.2 - https:\/\/yoast.com\/product\/yoast-seo-wordpress\/ -->\n<title>Wholesale Custom Lanyards Manufacturer and Supplier in China<\/title>\n<meta name=\"description\" content=\"Your best custom lanyards manufacturer &amp; supplier in China, wholesale custom printing lanyards use polyester, nylon eco-friendly material, contact now!\" \/>\n<meta name=\"robots\" content=\"index, follow, max-snippet:-1, max-image-preview:large, max-video-preview:-1\" \/>\n<link rel=\"canonical\" href=\"https:\/\/www.ilanyardmfg.com\/de\/schlusselband\/\" \/>\n<meta property=\"og:locale\" content=\"de_DE\" \/>\n<meta property=\"og:type\" content=\"article\" \/>\n<meta property=\"og:title\" content=\"Wholesale Custom Lanyards Manufacturer and Supplier in China\" \/>\n<meta property=\"og:description\" content=\"Your best custom lanyards manufacturer &amp; supplier in China, wholesale custom printing lanyards use polyester, nylon eco-friendly material, contact now!\" \/>\n<meta property=\"og:url\" content=\"https:\/\/www.ilanyardmfg.com\/de\/schlusselband\/\" \/>\n<meta property=\"og:site_name\" content=\"Custom Lanyard Factory in China\" \/>\n<meta property=\"article:modified_time\" content=\"2024-09-28T07:48:51+00:00\" \/>\n<meta property=\"og:image\" content=\"https:\/\/www.ilanyardmfg.com\/wp-content\/uploads\/2018\/07\/Metallic-accessories.jpg\" \/>\n\t<meta property=\"og:image:width\" content=\"500\" \/>\n\t<meta property=\"og:image:height\" content=\"400\" \/>\n\t<meta property=\"og:image:type\" content=\"image\/jpeg\" \/>\n<meta name=\"twitter:card\" content=\"summary_large_image\" \/>\n<script type=\"application\/ld+json\" class=\"yoast-schema-graph\">{\"@context\":\"https:\/\/schema.org\",\"@graph\":[{\"@type\":\"WebPage\",\"@id\":\"https:\/\/www.ilanyardmfg.com\/lanyard\/\",\"url\":\"https:\/\/www.ilanyardmfg.com\/lanyard\/\",\"name\":\"Wholesale Custom Lanyards Manufacturer and Supplier in China\",\"isPartOf\":{\"@id\":\"https:\/\/www.ilanyardmfg.com\/#website\"},\"primaryImageOfPage\":{\"@id\":\"https:\/\/www.ilanyardmfg.com\/lanyard\/#primaryimage\"},\"image\":{\"@id\":\"https:\/\/www.ilanyardmfg.com\/lanyard\/#primaryimage\"},\"thumbnailUrl\":\"https:\/\/www.ilanyardmfg.com\/wp-content\/uploads\/2018\/07\/Metallic-accessories.jpg\",\"datePublished\":\"2018-03-30T13:17:39+00:00\",\"dateModified\":\"2024-09-28T07:48:51+00:00\",\"description\":\"Your best custom lanyards manufacturer & supplier in China, wholesale custom printing lanyards use polyester, nylon eco-friendly material, contact now!\",\"breadcrumb\":{\"@id\":\"https:\/\/www.ilanyardmfg.com\/lanyard\/#breadcrumb\"},\"inLanguage\":\"de\",\"potentialAction\":[{\"@type\":\"ReadAction\",\"target\":[\"https:\/\/www.ilanyardmfg.com\/lanyard\/\"]}]},{\"@type\":\"ImageObject\",\"inLanguage\":\"de\",\"@id\":\"https:\/\/www.ilanyardmfg.com\/lanyard\/#primaryimage\",\"url\":\"https:\/\/www.ilanyardmfg.com\/wp-content\/uploads\/2018\/07\/Metallic-accessories.jpg\",\"contentUrl\":\"https:\/\/www.ilanyardmfg.com\/wp-content\/uploads\/2018\/07\/Metallic-accessories.jpg\",\"width\":500,\"height\":400,\"caption\":\"Metallic-accessories\"},{\"@type\":\"BreadcrumbList\",\"@id\":\"https:\/\/www.ilanyardmfg.com\/lanyard\/#breadcrumb\",\"itemListElement\":[{\"@type\":\"ListItem\",\"position\":1,\"name\":\"Home\",\"item\":\"https:\/\/www.ilanyardmfg.com\/\"},{\"@type\":\"ListItem\",\"position\":2,\"name\":\"Lanyard\"}]},{\"@type\":\"WebSite\",\"@id\":\"https:\/\/www.ilanyardmfg.com\/#website\",\"url\":\"https:\/\/www.ilanyardmfg.com\/\",\"name\":\"Custom Lanyard Factory in China\",\"description\":\"\",\"publisher\":{\"@id\":\"https:\/\/www.ilanyardmfg.com\/#organization\"},\"potentialAction\":[{\"@type\":\"SearchAction\",\"target\":{\"@type\":\"EntryPoint\",\"urlTemplate\":\"https:\/\/www.ilanyardmfg.com\/?s={search_term_string}\"},\"query-input\":{\"@type\":\"PropertyValueSpecification\",\"valueRequired\":true,\"valueName\":\"search_term_string\"}}],\"inLanguage\":\"de\"},{\"@type\":\"Organization\",\"@id\":\"https:\/\/www.ilanyardmfg.com\/#organization\",\"name\":\"Custom Lanyard Factory in China\",\"url\":\"https:\/\/www.ilanyardmfg.com\/\",\"logo\":{\"@type\":\"ImageObject\",\"inLanguage\":\"de\",\"@id\":\"https:\/\/www.ilanyardmfg.com\/#\/schema\/logo\/image\/\",\"url\":\"https:\/\/www.ilanyardmfg.com\/wp-content\/uploads\/2018\/03\/logo.png\",\"contentUrl\":\"https:\/\/www.ilanyardmfg.com\/wp-content\/uploads\/2018\/03\/logo.png\",\"width\":217,\"height\":46,\"caption\":\"Custom Lanyard Factory in China\"},\"image\":{\"@id\":\"https:\/\/www.ilanyardmfg.com\/#\/schema\/logo\/image\/\"}}]}<\/script>\n<!-- \/ Yoast SEO plugin. -->","yoast_head_json":{"title":"Gro\u00dfhandel mit kundenspezifischen Lanyards, Hersteller und Lieferant in China","description":"Ihr bester Hersteller und Lieferant von kundenspezifischen Schl\u00fcsselb\u00e4ndern in China. Gro\u00dfhandels-Schl\u00fcsselb\u00e4nder mit individuellem Druck bestehen aus umweltfreundlichem Polyester und Nylon. Kontaktieren Sie uns jetzt!","robots":{"index":"index","follow":"follow","max-snippet":"max-snippet:-1","max-image-preview":"max-image-preview:large","max-video-preview":"max-video-preview:-1"},"canonical":"https:\/\/www.ilanyardmfg.com\/de\/schlusselband\/","og_locale":"de_DE","og_type":"article","og_title":"Wholesale Custom Lanyards Manufacturer and Supplier in China","og_description":"Your best custom lanyards manufacturer & supplier in China, wholesale custom printing lanyards use polyester, nylon eco-friendly material, contact now!","og_url":"https:\/\/www.ilanyardmfg.com\/de\/schlusselband\/","og_site_name":"Custom Lanyard Factory in China","article_modified_time":"2024-09-28T07:48:51+00:00","og_image":[{"width":500,"height":400,"url":"https:\/\/www.ilanyardmfg.com\/wp-content\/uploads\/2018\/07\/Metallic-accessories.jpg","type":"image\/jpeg"}],"twitter_card":"summary_large_image","schema":{"@context":"https:\/\/schema.org","@graph":[{"@type":"WebPage","@id":"https:\/\/www.ilanyardmfg.com\/lanyard\/","url":"https:\/\/www.ilanyardmfg.com\/lanyard\/","name":"Gro\u00dfhandel mit kundenspezifischen Lanyards, Hersteller und Lieferant in China","isPartOf":{"@id":"https:\/\/www.ilanyardmfg.com\/#website"},"primaryImageOfPage":{"@id":"https:\/\/www.ilanyardmfg.com\/lanyard\/#primaryimage"},"image":{"@id":"https:\/\/www.ilanyardmfg.com\/lanyard\/#primaryimage"},"thumbnailUrl":"https:\/\/www.ilanyardmfg.com\/wp-content\/uploads\/2018\/07\/Metallic-accessories.jpg","datePublished":"2018-03-30T13:17:39+00:00","dateModified":"2024-09-28T07:48:51+00:00","description":"Ihr bester Hersteller und Lieferant von kundenspezifischen Schl\u00fcsselb\u00e4ndern in China. Gro\u00dfhandels-Schl\u00fcsselb\u00e4nder mit individuellem Druck bestehen aus umweltfreundlichem Polyester und Nylon. Kontaktieren Sie uns jetzt!","breadcrumb":{"@id":"https:\/\/www.ilanyardmfg.com\/lanyard\/#breadcrumb"},"inLanguage":"de","potentialAction":[{"@type":"ReadAction","target":["https:\/\/www.ilanyardmfg.com\/lanyard\/"]}]},{"@type":"ImageObject","inLanguage":"de","@id":"https:\/\/www.ilanyardmfg.com\/lanyard\/#primaryimage","url":"https:\/\/www.ilanyardmfg.com\/wp-content\/uploads\/2018\/07\/Metallic-accessories.jpg","contentUrl":"https:\/\/www.ilanyardmfg.com\/wp-content\/uploads\/2018\/07\/Metallic-accessories.jpg","width":500,"height":400,"caption":"Metallic-accessories"},{"@type":"BreadcrumbList","@id":"https:\/\/www.ilanyardmfg.com\/lanyard\/#breadcrumb","itemListElement":[{"@type":"ListItem","position":1,"name":"Home","item":"https:\/\/www.ilanyardmfg.com\/"},{"@type":"ListItem","position":2,"name":"Lanyard"}]},{"@type":"WebSite","@id":"https:\/\/www.ilanyardmfg.com\/#website","url":"https:\/\/www.ilanyardmfg.com\/","name":"Fabrik f\u00fcr kundenspezifische Schl\u00fcsselb\u00e4nder in China","description":"","publisher":{"@id":"https:\/\/www.ilanyardmfg.com\/#organization"},"potentialAction":[{"@type":"SearchAction","target":{"@type":"EntryPoint","urlTemplate":"https:\/\/www.ilanyardmfg.com\/?s={search_term_string}"},"query-input":{"@type":"PropertyValueSpecification","valueRequired":true,"valueName":"search_term_string"}}],"inLanguage":"de"},{"@type":"Organization","@id":"https:\/\/www.ilanyardmfg.com\/#organization","name":"Fabrik f\u00fcr kundenspezifische Schl\u00fcsselb\u00e4nder in China","url":"https:\/\/www.ilanyardmfg.com\/","logo":{"@type":"ImageObject","inLanguage":"de","@id":"https:\/\/www.ilanyardmfg.com\/#\/schema\/logo\/image\/","url":"https:\/\/www.ilanyardmfg.com\/wp-content\/uploads\/2018\/03\/logo.png","contentUrl":"https:\/\/www.ilanyardmfg.com\/wp-content\/uploads\/2018\/03\/logo.png","width":217,"height":46,"caption":"Custom Lanyard Factory in China"},"image":{"@id":"https:\/\/www.ilanyardmfg.com\/#\/schema\/logo\/image\/"}}]}},"_links":{"self":[{"href":"https:\/\/www.ilanyardmfg.com\/de\/wp-json\/wp\/v2\/pages\/14","targetHints":{"allow":["GET"]}}],"collection":[{"href":"https:\/\/www.ilanyardmfg.com\/de\/wp-json\/wp\/v2\/pages"}],"about":[{"href":"https:\/\/www.ilanyardmfg.com\/de\/wp-json\/wp\/v2\/types\/page"}],"author":[{"embeddable":true,"href":"https:\/\/www.ilanyardmfg.com\/de\/wp-json\/wp\/v2\/users\/1"}],"replies":[{"embeddable":true,"href":"https:\/\/www.ilanyardmfg.com\/de\/wp-json\/wp\/v2\/comments?post=14"}],"version-history":[{"count":11,"href":"https:\/\/www.ilanyardmfg.com\/de\/wp-json\/wp\/v2\/pages\/14\/revisions"}],"predecessor-version":[{"id":1140,"href":"https:\/\/www.ilanyardmfg.com\/de\/wp-json\/wp\/v2\/pages\/14\/revisions\/1140"}],"wp:featuredmedia":[{"embeddable":true,"href":"https:\/\/www.ilanyardmfg.com\/de\/wp-json\/wp\/v2\/media\/885"}],"wp:attachment":[{"href":"https:\/\/www.ilanyardmfg.com\/de\/wp-json\/wp\/v2\/media?parent=14"}],"curies":[{"name":"wp","href":"https:\/\/api.w.org\/{rel}","templated":true}]}}