{"id":18,"date":"2018-03-30T13:18:15","date_gmt":"2018-03-30T13:18:15","guid":{"rendered":"http:\/\/ilanyard.digitalpixels.co\/?page_id=18"},"modified":"2025-04-10T06:54:58","modified_gmt":"2025-04-10T06:54:58","slug":"kontaktieren-sie-uns","status":"publish","type":"page","link":"https:\/\/www.ilanyardmfg.com\/de\/kontaktieren-sie-uns\/","title":{"rendered":"Kontaktieren Sie uns"},"content":{"rendered":"<div class=\"contactBanner innerPageBanner\">\n<div class=\"container\">\n<div class=\"row\">\n<div class=\"col-sm-12\">\n<div class=\"bannerText text-center\">\n<div class=\"bannerHeading paddBottom30 bottomSeprater sepCenter\">Kontaktieren Sie uns<\/div>\n<div class=\"bannerSlogan\">F\u00fcr weitere Fragen stehen wir Ihnen gerne zur Verf\u00fcgung<\/div>\n<\/div>\n<\/div>\n<\/div>\n<\/div>\n<\/div>\n<div class=\"paddTop85\">\n<div class=\"container\">\n<div class=\"row cust-row\">\n<div class=\"col-sm-12 col-md-6 col-lg-7\">\n<div class=\"contactformBox\">\n<div class=\"contactformTitle\">Senden Sie uns eine Anfrage<\/div>\n<div class=\"mainContactForm\">\n<div class=\"wpcf7 no-js\" id=\"wpcf7-f1298-o1\" lang=\"en-US\" dir=\"ltr\" data-wpcf7-id=\"1298\">\n<div class=\"screen-reader-response\"><p role=\"status\" aria-live=\"polite\" aria-atomic=\"true\"><\/p> <ul><\/ul><\/div>\n<form action=\"\/de\/wp-json\/wp\/v2\/pages\/18#wpcf7-f1298-o1\" method=\"post\" class=\"wpcf7-form init\" aria-label=\"Kontaktformular\" novalidate=\"novalidate\" data-status=\"init\" data-trp-original-action=\"\/de\/wp-json\/wp\/v2\/pages\/18#wpcf7-f1298-o1\">\n<fieldset class=\"hidden-fields-container\"><input type=\"hidden\" name=\"_wpcf7\" value=\"1298\" \/><input type=\"hidden\" name=\"_wpcf7_version\" value=\"6.1.4\" \/><input type=\"hidden\" name=\"_wpcf7_locale\" value=\"en_US\" \/><input type=\"hidden\" name=\"_wpcf7_unit_tag\" value=\"wpcf7-f1298-o1\" \/><input type=\"hidden\" name=\"_wpcf7_container_post\" value=\"0\" \/><input type=\"hidden\" name=\"_wpcf7_posted_data_hash\" value=\"\" \/>\n<\/fieldset>\n<p>Ihr Name:<br \/>\n<span class=\"wpcf7-form-control-wrap\" data-name=\"yourname\"><input size=\"40\" maxlength=\"400\" class=\"wpcf7-form-control wpcf7-text wpcf7-validates-as-required\" aria-required=\"true\" aria-invalid=\"false\" placeholder=\"Geben Sie hier Ihren Namen ein\" value=\"\" type=\"text\" name=\"yourname\" \/><\/span>\n<\/p>\n<p>Ihre E-Mail:<br \/>\n<span class=\"wpcf7-form-control-wrap\" data-name=\"email\"><input size=\"40\" maxlength=\"400\" class=\"wpcf7-form-control wpcf7-email wpcf7-validates-as-required wpcf7-text wpcf7-validates-as-email\" aria-required=\"true\" aria-invalid=\"false\" placeholder=\"Tragen Sie hier Ihre E-Mail-Adresse ein\" value=\"\" type=\"email\" name=\"email\" \/><\/span>\n<\/p>\n<p>Ihre Firma:<br \/>\n<span class=\"wpcf7-form-control-wrap\" data-name=\"yourcompany\"><input size=\"40\" maxlength=\"400\" class=\"wpcf7-form-control wpcf7-text wpcf7-validates-as-required\" aria-required=\"true\" aria-invalid=\"false\" placeholder=\"Geben Sie hier Ihren Firmennamen ein\" value=\"\" type=\"text\" name=\"yourcompany\" \/><\/span>\n<\/p>\n<p>Ihre Nachricht:<br \/>\n<span class=\"wpcf7-form-control-wrap\" data-name=\"yourinquirement\"><input size=\"40\" maxlength=\"400\" class=\"wpcf7-form-control wpcf7-text wpcf7-validates-as-required\" aria-required=\"true\" aria-invalid=\"false\" placeholder=\"Geben Sie hier Ihre Anfrage ein\" value=\"\" type=\"text\" name=\"yourinquirement\" \/><\/span>\n<\/p>\n<p><input class=\"wpcf7-form-control wpcf7-submit has-spinner\" type=\"submit\" value=\"Schicken\" \/>\n<\/p><div class=\"wpcf7-response-output\" aria-hidden=\"true\"><\/div>\n<input type=\"hidden\" name=\"trp-form-language\" value=\"de\"\/><\/form>\n<\/div>\n<\/div>\n<\/div>\n<\/div>\n<div class=\"col-sm-12 col-md-6 col-lg-5\">\n<div class=\"contactPageTitle\">Warum uns w\u00e4hlen?<\/div>\n<ul class=\"checkList\">\n<li>Kostenlose Einrichtung<\/li>\n<li>Kostenlose Proben<\/li>\n<li>Kleinmengenbestellung<\/li>\n<li>Schneller Versand<\/li>\n<\/ul>\n<div class=\"contactPageDetails paddTop15\">\n<ul>\n<li class=\"phone\"><a>86-13751364520<\/a><\/li>\n<li class=\"email\"><a href=\"mailto:info@ilanyardmfg.com\">info@ilanyardmfg.com<\/a><\/li>\n<li class=\"address\"><a href=\"https:\/\/goo.gl\/maps\/q8aQuhAFaRn\" target=\"_blank\" rel=\"noopener\">Century Road, Stadt Jindu, Stadt Gaoyao, Provinz Guangdong, China<\/a><\/li>\n<\/ul>\n<\/div>\n<\/div>\n<\/div>\n<\/div>\n<\/div>\n<div class=\"paddTop85 paddBottom70\">\n<div class=\"container\">\n<div class=\"row cust-row\">\n<div class=\"col-sm-12 text-center\">\n<div class=\"contactMap\"><a href=\"https:\/\/goo.gl\/maps\/q8aQuhAFaRn\" target=\"_blank\" rel=\"noopener\"><img decoding=\"async\" class=\"img-responsive\" src=\"\/wp-content\/uploads\/2018\/04\/contactmap.jpg\" \/><\/a><\/div>\n<\/div>\n<\/div>\n<\/div>\n<\/div>","protected":false},"excerpt":{"rendered":"<p>Contact Us We will be happy to assist you with any further questions Send Us Enquiry Why Choose us? Free Setup Free Samples Small Quantity Order Fast Shipment 86-13751364520 info@ilanyardmfg.com [&hellip;]<\/p>","protected":false},"author":1,"featured_media":0,"parent":0,"menu_order":5,"comment_status":"closed","ping_status":"closed","template":"","meta":{"_acf_changed":false,"site-sidebar-layout":"no-sidebar","site-content-layout":"","ast-site-content-layout":"full-width-container","site-content-style":"default","site-sidebar-style":"default","ast-global-header-display":"","ast-banner-title-visibility":"","ast-main-header-display":"","ast-hfb-above-header-display":"","ast-hfb-below-header-display":"","ast-hfb-mobile-header-display":"","site-post-title":"disabled","ast-breadcrumbs-content":"disabled","ast-featured-img":"disabled","footer-sml-layout":"","ast-disable-related-posts":"","theme-transparent-header-meta":"default","adv-header-id-meta":"","stick-header-meta":"default","header-above-stick-meta":"","header-main-stick-meta":"","header-below-stick-meta":"","astra-migrate-meta-layouts":"set","ast-page-background-enabled":"default","ast-page-background-meta":{"desktop":{"background-color":"var(--ast-global-color-4)","background-image":"","background-repeat":"repeat","background-position":"center center","background-size":"auto","background-attachment":"scroll","background-type":"","background-media":"","overlay-type":"","overlay-color":"","overlay-opacity":"","overlay-gradient":""},"tablet":{"background-color":"","background-image":"","background-repeat":"repeat","background-position":"center center","background-size":"auto","background-attachment":"scroll","background-type":"","background-media":"","overlay-type":"","overlay-color":"","overlay-opacity":"","overlay-gradient":""},"mobile":{"background-color":"","background-image":"","background-repeat":"repeat","background-position":"center center","background-size":"auto","background-attachment":"scroll","background-type":"","background-media":"","overlay-type":"","overlay-color":"","overlay-opacity":"","overlay-gradient":""}},"ast-content-background-meta":{"desktop":{"background-color":"var(--ast-global-color-5)","background-image":"","background-repeat":"repeat","background-position":"center center","background-size":"auto","background-attachment":"scroll","background-type":"","background-media":"","overlay-type":"","overlay-color":"","overlay-opacity":"","overlay-gradient":""},"tablet":{"background-color":"var(--ast-global-color-5)","background-image":"","background-repeat":"repeat","background-position":"center center","background-size":"auto","background-attachment":"scroll","background-type":"","background-media":"","overlay-type":"","overlay-color":"","overlay-opacity":"","overlay-gradient":""},"mobile":{"background-color":"var(--ast-global-color-5)","background-image":"","background-repeat":"repeat","background-position":"center center","background-size":"auto","background-attachment":"scroll","background-type":"","background-media":"","overlay-type":"","overlay-color":"","overlay-opacity":"","overlay-gradient":""}},"footnotes":""},"class_list":["post-18","page","type-page","status-publish","hentry"],"acf":[],"yoast_head":"<!-- This site is optimized with the Yoast SEO plugin v27.2 - https:\/\/yoast.com\/product\/yoast-seo-wordpress\/ -->\n<title>Contact iLanyards for Lanyards, Camera Strap, Luggage Straps, Dog Leash or Wristband<\/title>\n<meta name=\"robots\" content=\"index, follow, max-snippet:-1, max-image-preview:large, max-video-preview:-1\" \/>\n<link rel=\"canonical\" href=\"https:\/\/www.ilanyardmfg.com\/de\/kontaktieren-sie-uns\/\" \/>\n<meta property=\"og:locale\" content=\"de_DE\" \/>\n<meta property=\"og:type\" content=\"article\" \/>\n<meta property=\"og:title\" content=\"Contact iLanyards for Lanyards, Camera Strap, Luggage Straps, Dog Leash or Wristband\" \/>\n<meta property=\"og:description\" content=\"Contact Us We will be happy to assist you with any further questions Send Us Enquiry Why Choose us? Free Setup Free Samples Small Quantity Order Fast Shipment 86-13751364520 info@ilanyardmfg.com [&hellip;]\" \/>\n<meta property=\"og:url\" content=\"https:\/\/www.ilanyardmfg.com\/de\/kontaktieren-sie-uns\/\" \/>\n<meta property=\"og:site_name\" content=\"Custom Lanyard Factory in China\" \/>\n<meta property=\"article:modified_time\" content=\"2025-04-10T06:54:58+00:00\" \/>\n<meta name=\"twitter:card\" content=\"summary_large_image\" \/>\n<meta name=\"twitter:label1\" content=\"Gesch\u00e4tzte Lesezeit\" \/>\n\t<meta name=\"twitter:data1\" content=\"1\u00a0Minute\" \/>\n<script type=\"application\/ld+json\" class=\"yoast-schema-graph\">{\"@context\":\"https:\/\/schema.org\",\"@graph\":[{\"@type\":\"WebPage\",\"@id\":\"https:\/\/www.ilanyardmfg.com\/contact-us\/\",\"url\":\"https:\/\/www.ilanyardmfg.com\/contact-us\/\",\"name\":\"Contact iLanyards for Lanyards, Camera Strap, Luggage Straps, Dog Leash or Wristband\",\"isPartOf\":{\"@id\":\"https:\/\/www.ilanyardmfg.com\/#website\"},\"datePublished\":\"2018-03-30T13:18:15+00:00\",\"dateModified\":\"2025-04-10T06:54:58+00:00\",\"breadcrumb\":{\"@id\":\"https:\/\/www.ilanyardmfg.com\/contact-us\/#breadcrumb\"},\"inLanguage\":\"de\",\"potentialAction\":[{\"@type\":\"ReadAction\",\"target\":[\"https:\/\/www.ilanyardmfg.com\/contact-us\/\"]}]},{\"@type\":\"BreadcrumbList\",\"@id\":\"https:\/\/www.ilanyardmfg.com\/contact-us\/#breadcrumb\",\"itemListElement\":[{\"@type\":\"ListItem\",\"position\":1,\"name\":\"Home\",\"item\":\"https:\/\/www.ilanyardmfg.com\/\"},{\"@type\":\"ListItem\",\"position\":2,\"name\":\"Contact Us\"}]},{\"@type\":\"WebSite\",\"@id\":\"https:\/\/www.ilanyardmfg.com\/#website\",\"url\":\"https:\/\/www.ilanyardmfg.com\/\",\"name\":\"Custom Lanyard Factory in China\",\"description\":\"\",\"publisher\":{\"@id\":\"https:\/\/www.ilanyardmfg.com\/#organization\"},\"potentialAction\":[{\"@type\":\"SearchAction\",\"target\":{\"@type\":\"EntryPoint\",\"urlTemplate\":\"https:\/\/www.ilanyardmfg.com\/?s={search_term_string}\"},\"query-input\":{\"@type\":\"PropertyValueSpecification\",\"valueRequired\":true,\"valueName\":\"search_term_string\"}}],\"inLanguage\":\"de\"},{\"@type\":\"Organization\",\"@id\":\"https:\/\/www.ilanyardmfg.com\/#organization\",\"name\":\"Custom Lanyard Factory in China\",\"url\":\"https:\/\/www.ilanyardmfg.com\/\",\"logo\":{\"@type\":\"ImageObject\",\"inLanguage\":\"de\",\"@id\":\"https:\/\/www.ilanyardmfg.com\/#\/schema\/logo\/image\/\",\"url\":\"https:\/\/www.ilanyardmfg.com\/wp-content\/uploads\/2018\/03\/logo.png\",\"contentUrl\":\"https:\/\/www.ilanyardmfg.com\/wp-content\/uploads\/2018\/03\/logo.png\",\"width\":217,\"height\":46,\"caption\":\"Custom Lanyard Factory in China\"},\"image\":{\"@id\":\"https:\/\/www.ilanyardmfg.com\/#\/schema\/logo\/image\/\"}}]}<\/script>\n<!-- \/ Yoast SEO plugin. -->","yoast_head_json":{"title":"Kontaktieren Sie iLanyards f\u00fcr Lanyards, Kameragurte, Gep\u00e4ckgurte, Hundeleinen oder Armb\u00e4nder","robots":{"index":"index","follow":"follow","max-snippet":"max-snippet:-1","max-image-preview":"max-image-preview:large","max-video-preview":"max-video-preview:-1"},"canonical":"https:\/\/www.ilanyardmfg.com\/de\/kontaktieren-sie-uns\/","og_locale":"de_DE","og_type":"article","og_title":"Contact iLanyards for Lanyards, Camera Strap, Luggage Straps, Dog Leash or Wristband","og_description":"Contact Us We will be happy to assist you with any further questions Send Us Enquiry Why Choose us? Free Setup Free Samples Small Quantity Order Fast Shipment 86-13751364520 info@ilanyardmfg.com [&hellip;]","og_url":"https:\/\/www.ilanyardmfg.com\/de\/kontaktieren-sie-uns\/","og_site_name":"Custom Lanyard Factory in China","article_modified_time":"2025-04-10T06:54:58+00:00","twitter_card":"summary_large_image","twitter_misc":{"Gesch\u00e4tzte Lesezeit":"1\u00a0Minute"},"schema":{"@context":"https:\/\/schema.org","@graph":[{"@type":"WebPage","@id":"https:\/\/www.ilanyardmfg.com\/contact-us\/","url":"https:\/\/www.ilanyardmfg.com\/contact-us\/","name":"Kontaktieren Sie iLanyards f\u00fcr Lanyards, Kameragurte, Gep\u00e4ckgurte, Hundeleinen oder Armb\u00e4nder","isPartOf":{"@id":"https:\/\/www.ilanyardmfg.com\/#website"},"datePublished":"2018-03-30T13:18:15+00:00","dateModified":"2025-04-10T06:54:58+00:00","breadcrumb":{"@id":"https:\/\/www.ilanyardmfg.com\/contact-us\/#breadcrumb"},"inLanguage":"de","potentialAction":[{"@type":"ReadAction","target":["https:\/\/www.ilanyardmfg.com\/contact-us\/"]}]},{"@type":"BreadcrumbList","@id":"https:\/\/www.ilanyardmfg.com\/contact-us\/#breadcrumb","itemListElement":[{"@type":"ListItem","position":1,"name":"Home","item":"https:\/\/www.ilanyardmfg.com\/"},{"@type":"ListItem","position":2,"name":"Contact Us"}]},{"@type":"WebSite","@id":"https:\/\/www.ilanyardmfg.com\/#website","url":"https:\/\/www.ilanyardmfg.com\/","name":"Fabrik f\u00fcr kundenspezifische Schl\u00fcsselb\u00e4nder in China","description":"","publisher":{"@id":"https:\/\/www.ilanyardmfg.com\/#organization"},"potentialAction":[{"@type":"SearchAction","target":{"@type":"EntryPoint","urlTemplate":"https:\/\/www.ilanyardmfg.com\/?s={search_term_string}"},"query-input":{"@type":"PropertyValueSpecification","valueRequired":true,"valueName":"search_term_string"}}],"inLanguage":"de"},{"@type":"Organization","@id":"https:\/\/www.ilanyardmfg.com\/#organization","name":"Fabrik f\u00fcr kundenspezifische Schl\u00fcsselb\u00e4nder in China","url":"https:\/\/www.ilanyardmfg.com\/","logo":{"@type":"ImageObject","inLanguage":"de","@id":"https:\/\/www.ilanyardmfg.com\/#\/schema\/logo\/image\/","url":"https:\/\/www.ilanyardmfg.com\/wp-content\/uploads\/2018\/03\/logo.png","contentUrl":"https:\/\/www.ilanyardmfg.com\/wp-content\/uploads\/2018\/03\/logo.png","width":217,"height":46,"caption":"Custom Lanyard Factory in China"},"image":{"@id":"https:\/\/www.ilanyardmfg.com\/#\/schema\/logo\/image\/"}}]}},"_links":{"self":[{"href":"https:\/\/www.ilanyardmfg.com\/de\/wp-json\/wp\/v2\/pages\/18","targetHints":{"allow":["GET"]}}],"collection":[{"href":"https:\/\/www.ilanyardmfg.com\/de\/wp-json\/wp\/v2\/pages"}],"about":[{"href":"https:\/\/www.ilanyardmfg.com\/de\/wp-json\/wp\/v2\/types\/page"}],"author":[{"embeddable":true,"href":"https:\/\/www.ilanyardmfg.com\/de\/wp-json\/wp\/v2\/users\/1"}],"replies":[{"embeddable":true,"href":"https:\/\/www.ilanyardmfg.com\/de\/wp-json\/wp\/v2\/comments?post=18"}],"version-history":[{"count":5,"href":"https:\/\/www.ilanyardmfg.com\/de\/wp-json\/wp\/v2\/pages\/18\/revisions"}],"predecessor-version":[{"id":1299,"href":"https:\/\/www.ilanyardmfg.com\/de\/wp-json\/wp\/v2\/pages\/18\/revisions\/1299"}],"wp:attachment":[{"href":"https:\/\/www.ilanyardmfg.com\/de\/wp-json\/wp\/v2\/media?parent=18"}],"curies":[{"name":"wp","href":"https:\/\/api.w.org\/{rel}","templated":true}]}}