{"id":298,"date":"2018-04-18T05:15:05","date_gmt":"2018-04-18T05:15:05","guid":{"rendered":"http:\/\/ilanyard.digitalpixels.co\/?page_id=298"},"modified":"2024-09-28T06:52:55","modified_gmt":"2024-09-28T06:52:55","slug":"kameragurte","status":"publish","type":"page","link":"https:\/\/www.ilanyardmfg.com\/de\/kameragurte\/","title":{"rendered":"Kameragurte"},"content":{"rendered":"","protected":false},"excerpt":{"rendered":"","protected":false},"author":1,"featured_media":0,"parent":0,"menu_order":3,"comment_status":"closed","ping_status":"closed","template":"product-category2.php","meta":{"_acf_changed":false,"site-sidebar-layout":"no-sidebar","site-content-layout":null,"ast-site-content-layout":"full-width-container","site-content-style":"default","site-sidebar-style":"default","ast-global-header-display":"","ast-banner-title-visibility":"","ast-main-header-display":"","ast-hfb-above-header-display":null,"ast-hfb-below-header-display":null,"ast-hfb-mobile-header-display":"","site-post-title":"disabled","ast-breadcrumbs-content":"disabled","ast-featured-img":"disabled","footer-sml-layout":"","ast-disable-related-posts":"","theme-transparent-header-meta":"","adv-header-id-meta":"","stick-header-meta":"","header-above-stick-meta":null,"header-main-stick-meta":"","header-below-stick-meta":null,"astra-migrate-meta-layouts":"default","ast-page-background-enabled":"default","ast-page-background-meta":{"desktop":{"background-color":"var(--ast-global-color-4)","background-image":"","background-repeat":"repeat","background-position":"center center","background-size":"auto","background-attachment":"scroll","background-type":"","background-media":"","overlay-type":"","overlay-color":"","overlay-opacity":"","overlay-gradient":""},"tablet":{"background-color":"","background-image":"","background-repeat":"repeat","background-position":"center center","background-size":"auto","background-attachment":"scroll","background-type":"","background-media":"","overlay-type":"","overlay-color":"","overlay-opacity":"","overlay-gradient":""},"mobile":{"background-color":"","background-image":"","background-repeat":"repeat","background-position":"center center","background-size":"auto","background-attachment":"scroll","background-type":"","background-media":"","overlay-type":"","overlay-color":"","overlay-opacity":"","overlay-gradient":""}},"ast-content-background-meta":{"desktop":{"background-color":"var(--ast-global-color-5)","background-image":"","background-repeat":"repeat","background-position":"center center","background-size":"auto","background-attachment":"scroll","background-type":"","background-media":"","overlay-type":"","overlay-color":"","overlay-opacity":"","overlay-gradient":""},"tablet":{"background-color":"var(--ast-global-color-5)","background-image":"","background-repeat":"repeat","background-position":"center center","background-size":"auto","background-attachment":"scroll","background-type":"","background-media":"","overlay-type":"","overlay-color":"","overlay-opacity":"","overlay-gradient":""},"mobile":{"background-color":"var(--ast-global-color-5)","background-image":"","background-repeat":"repeat","background-position":"center center","background-size":"auto","background-attachment":"scroll","background-type":"","background-media":"","overlay-type":"","overlay-color":"","overlay-opacity":"","overlay-gradient":""}},"footnotes":""},"class_list":["post-298","page","type-page","status-publish","hentry"],"acf":[],"yoast_head":"<!-- This site is optimized with the Yoast SEO plugin v27.2 - https:\/\/yoast.com\/product\/yoast-seo-wordpress\/ -->\n<title>Custom Camera Strap Manufacturer in China | iLanyardmfg.com<\/title>\n<meta name=\"description\" content=\"We&#039;re the real camera strap manufacturer to supply you nice custom camera straps, in any design any pattern any time. Call us for the quote request NOW.\" \/>\n<meta name=\"robots\" content=\"index, follow, max-snippet:-1, max-image-preview:large, max-video-preview:-1\" \/>\n<link rel=\"canonical\" href=\"https:\/\/www.ilanyardmfg.com\/de\/kameragurte\/\" \/>\n<meta property=\"og:locale\" content=\"de_DE\" \/>\n<meta property=\"og:type\" content=\"article\" \/>\n<meta property=\"og:title\" content=\"Custom Camera Strap Manufacturer in China | iLanyardmfg.com\" \/>\n<meta property=\"og:description\" content=\"We&#039;re the real camera strap manufacturer to supply you nice custom camera straps, in any design any pattern any time. Call us for the quote request NOW.\" \/>\n<meta property=\"og:url\" content=\"https:\/\/www.ilanyardmfg.com\/de\/kameragurte\/\" \/>\n<meta property=\"og:site_name\" content=\"Custom Lanyard Factory in China\" \/>\n<meta property=\"article:modified_time\" content=\"2024-09-28T06:52:55+00:00\" \/>\n<meta name=\"twitter:card\" content=\"summary_large_image\" \/>\n<script type=\"application\/ld+json\" class=\"yoast-schema-graph\">{\"@context\":\"https:\/\/schema.org\",\"@graph\":[{\"@type\":\"WebPage\",\"@id\":\"https:\/\/www.ilanyardmfg.com\/camera-straps\/\",\"url\":\"https:\/\/www.ilanyardmfg.com\/camera-straps\/\",\"name\":\"Custom Camera Strap Manufacturer in China | iLanyardmfg.com\",\"isPartOf\":{\"@id\":\"https:\/\/www.ilanyardmfg.com\/#website\"},\"datePublished\":\"2018-04-18T05:15:05+00:00\",\"dateModified\":\"2024-09-28T06:52:55+00:00\",\"description\":\"We're the real camera strap manufacturer to supply you nice custom camera straps, in any design any pattern any time. Call us for the quote request NOW.\",\"breadcrumb\":{\"@id\":\"https:\/\/www.ilanyardmfg.com\/camera-straps\/#breadcrumb\"},\"inLanguage\":\"de\",\"potentialAction\":[{\"@type\":\"ReadAction\",\"target\":[\"https:\/\/www.ilanyardmfg.com\/camera-straps\/\"]}]},{\"@type\":\"BreadcrumbList\",\"@id\":\"https:\/\/www.ilanyardmfg.com\/camera-straps\/#breadcrumb\",\"itemListElement\":[{\"@type\":\"ListItem\",\"position\":1,\"name\":\"Home\",\"item\":\"https:\/\/www.ilanyardmfg.com\/\"},{\"@type\":\"ListItem\",\"position\":2,\"name\":\"Camera Straps\"}]},{\"@type\":\"WebSite\",\"@id\":\"https:\/\/www.ilanyardmfg.com\/#website\",\"url\":\"https:\/\/www.ilanyardmfg.com\/\",\"name\":\"Custom Lanyard Factory in China\",\"description\":\"\",\"publisher\":{\"@id\":\"https:\/\/www.ilanyardmfg.com\/#organization\"},\"potentialAction\":[{\"@type\":\"SearchAction\",\"target\":{\"@type\":\"EntryPoint\",\"urlTemplate\":\"https:\/\/www.ilanyardmfg.com\/?s={search_term_string}\"},\"query-input\":{\"@type\":\"PropertyValueSpecification\",\"valueRequired\":true,\"valueName\":\"search_term_string\"}}],\"inLanguage\":\"de\"},{\"@type\":\"Organization\",\"@id\":\"https:\/\/www.ilanyardmfg.com\/#organization\",\"name\":\"Custom Lanyard Factory in China\",\"url\":\"https:\/\/www.ilanyardmfg.com\/\",\"logo\":{\"@type\":\"ImageObject\",\"inLanguage\":\"de\",\"@id\":\"https:\/\/www.ilanyardmfg.com\/#\/schema\/logo\/image\/\",\"url\":\"https:\/\/www.ilanyardmfg.com\/wp-content\/uploads\/2018\/03\/logo.png\",\"contentUrl\":\"https:\/\/www.ilanyardmfg.com\/wp-content\/uploads\/2018\/03\/logo.png\",\"width\":217,\"height\":46,\"caption\":\"Custom Lanyard Factory in China\"},\"image\":{\"@id\":\"https:\/\/www.ilanyardmfg.com\/#\/schema\/logo\/image\/\"}}]}<\/script>\n<!-- \/ Yoast SEO plugin. -->","yoast_head_json":{"title":"Hersteller von kundenspezifischen Kameragurten in China | iLanyardmfg.com","description":"Wir sind der echte Hersteller von Kameragurten und liefern Ihnen wundersch\u00f6ne, ma\u00dfgeschneiderte Kameragurte in jedem Design, jedem Muster und jederzeit. Rufen Sie uns JETZT an und fordern Sie ein Angebot an.","robots":{"index":"index","follow":"follow","max-snippet":"max-snippet:-1","max-image-preview":"max-image-preview:large","max-video-preview":"max-video-preview:-1"},"canonical":"https:\/\/www.ilanyardmfg.com\/de\/kameragurte\/","og_locale":"de_DE","og_type":"article","og_title":"Custom Camera Strap Manufacturer in China | iLanyardmfg.com","og_description":"We're the real camera strap manufacturer to supply you nice custom camera straps, in any design any pattern any time. Call us for the quote request NOW.","og_url":"https:\/\/www.ilanyardmfg.com\/de\/kameragurte\/","og_site_name":"Custom Lanyard Factory in China","article_modified_time":"2024-09-28T06:52:55+00:00","twitter_card":"summary_large_image","schema":{"@context":"https:\/\/schema.org","@graph":[{"@type":"WebPage","@id":"https:\/\/www.ilanyardmfg.com\/camera-straps\/","url":"https:\/\/www.ilanyardmfg.com\/camera-straps\/","name":"Hersteller von kundenspezifischen Kameragurten in China | iLanyardmfg.com","isPartOf":{"@id":"https:\/\/www.ilanyardmfg.com\/#website"},"datePublished":"2018-04-18T05:15:05+00:00","dateModified":"2024-09-28T06:52:55+00:00","description":"Wir sind der echte Hersteller von Kameragurten und liefern Ihnen wundersch\u00f6ne, ma\u00dfgeschneiderte Kameragurte in jedem Design, jedem Muster und jederzeit. Rufen Sie uns JETZT an und fordern Sie ein Angebot an.","breadcrumb":{"@id":"https:\/\/www.ilanyardmfg.com\/camera-straps\/#breadcrumb"},"inLanguage":"de","potentialAction":[{"@type":"ReadAction","target":["https:\/\/www.ilanyardmfg.com\/camera-straps\/"]}]},{"@type":"BreadcrumbList","@id":"https:\/\/www.ilanyardmfg.com\/camera-straps\/#breadcrumb","itemListElement":[{"@type":"ListItem","position":1,"name":"Home","item":"https:\/\/www.ilanyardmfg.com\/"},{"@type":"ListItem","position":2,"name":"Camera Straps"}]},{"@type":"WebSite","@id":"https:\/\/www.ilanyardmfg.com\/#website","url":"https:\/\/www.ilanyardmfg.com\/","name":"Fabrik f\u00fcr kundenspezifische Schl\u00fcsselb\u00e4nder in China","description":"","publisher":{"@id":"https:\/\/www.ilanyardmfg.com\/#organization"},"potentialAction":[{"@type":"SearchAction","target":{"@type":"EntryPoint","urlTemplate":"https:\/\/www.ilanyardmfg.com\/?s={search_term_string}"},"query-input":{"@type":"PropertyValueSpecification","valueRequired":true,"valueName":"search_term_string"}}],"inLanguage":"de"},{"@type":"Organization","@id":"https:\/\/www.ilanyardmfg.com\/#organization","name":"Fabrik f\u00fcr kundenspezifische Schl\u00fcsselb\u00e4nder in China","url":"https:\/\/www.ilanyardmfg.com\/","logo":{"@type":"ImageObject","inLanguage":"de","@id":"https:\/\/www.ilanyardmfg.com\/#\/schema\/logo\/image\/","url":"https:\/\/www.ilanyardmfg.com\/wp-content\/uploads\/2018\/03\/logo.png","contentUrl":"https:\/\/www.ilanyardmfg.com\/wp-content\/uploads\/2018\/03\/logo.png","width":217,"height":46,"caption":"Custom Lanyard Factory in China"},"image":{"@id":"https:\/\/www.ilanyardmfg.com\/#\/schema\/logo\/image\/"}}]}},"_links":{"self":[{"href":"https:\/\/www.ilanyardmfg.com\/de\/wp-json\/wp\/v2\/pages\/298","targetHints":{"allow":["GET"]}}],"collection":[{"href":"https:\/\/www.ilanyardmfg.com\/de\/wp-json\/wp\/v2\/pages"}],"about":[{"href":"https:\/\/www.ilanyardmfg.com\/de\/wp-json\/wp\/v2\/types\/page"}],"author":[{"embeddable":true,"href":"https:\/\/www.ilanyardmfg.com\/de\/wp-json\/wp\/v2\/users\/1"}],"replies":[{"embeddable":true,"href":"https:\/\/www.ilanyardmfg.com\/de\/wp-json\/wp\/v2\/comments?post=298"}],"version-history":[{"count":2,"href":"https:\/\/www.ilanyardmfg.com\/de\/wp-json\/wp\/v2\/pages\/298\/revisions"}],"predecessor-version":[{"id":1069,"href":"https:\/\/www.ilanyardmfg.com\/de\/wp-json\/wp\/v2\/pages\/298\/revisions\/1069"}],"wp:attachment":[{"href":"https:\/\/www.ilanyardmfg.com\/de\/wp-json\/wp\/v2\/media?parent=298"}],"curies":[{"name":"wp","href":"https:\/\/api.w.org\/{rel}","templated":true}]}}