{"id":12,"date":"2018-03-30T13:17:17","date_gmt":"2018-03-30T13:17:17","guid":{"rendered":"http:\/\/ilanyard.digitalpixels.co\/?page_id=12"},"modified":"2025-04-10T07:48:41","modified_gmt":"2025-04-10T07:48:41","slug":"sobre-nosotros","status":"publish","type":"page","link":"https:\/\/www.ilanyardmfg.com\/es\/sobre-nosotros\/","title":{"rendered":"Sobre nosotros"},"content":{"rendered":"<div class=\"aboutPageBanner innerPageBanner\">\n<div class=\"container\">\n<div class=\"row\">\n<div class=\"col-sm-12 col-md-6\">\n<div class=\"bannerText\">\n<div class=\"bannerHeading paddBottom30 bottomSeprater bottomSepraterWhite\">Acerca de iLanyards<\/div>\n<div class=\"bannerSlogan\">Lanyards Resources le permite crear f\u00e1cilmente los cordones perfectos para sus necesidades con la confianza de que lucir\u00e1n exactamente como usted espera.<\/div>\n<\/div>\n<\/div>\n<\/div>\n<\/div>\n<\/div>\n<div class=\"aboutContent paddTop65 paddBottom75\">\n<div class=\"container\">\n<div class=\"row cust-row\">\n<div class=\"col-sm-12\">\n<h1 class=\"bottomSeprater paddBottom30 clrOrange\">Acerca de iLanyards<\/h1>\n<\/div>\n<div class=\"col-sm-12 col-md-7\">\n<p>iLanyards es uno de los proveedores de productos promocionales m\u00e1s competentes de China. Nuestros productos incluyen... <a href=\"\/es\/acollador\/cordones-de-poliester\/\">cord\u00f3n de poli\u00e9ster<\/a>, <a href=\"\/es\/acollador\/cordon-de-nailon\/\">cord\u00f3n de nailon<\/a>, cord\u00f3n tubular, cord\u00f3n tejido, cord\u00f3n serigrafiado y popular <a href=\"\/es\/acollador\/cordones-de-sublimacion\/\">cord\u00f3n de sublimaci\u00f3n<\/a>.<\/p>\n<p>Con m\u00e1s de 13 a\u00f1os de experiencia en el mercado de cordones, somos el socio confiable que busca en China. iLanyards abastece a m\u00e1s de 300 clientes en todo el mundo.<\/p>\n<p>Taller de m\u00e1s de 1500 metros cuadrados y 30 empleados. Contamos con un equipo completo. <a href=\"https:\/\/www.ilanyardmfg.com\/es\/fabrica-de-cordones\/\" target=\"_blank\" rel=\"noopener\">f\u00e1brica de cordones<\/a> En el pa\u00eds, por lo que podemos gestionar la demanda de pedidos grandes y tambi\u00e9n nos encargamos de personalizar los pedidos m\u00e1s peque\u00f1os para cada d\u00eda. Dise\u00f1e su propio cord\u00f3n con el fabricante iLanyards. <span class=\"clrOrange\">Sin costo de instalaci\u00f3n<\/span>, y <span class=\"clrOrange\">muestra gratis<\/span> Se suministrar\u00e1 si es necesario.<\/p>\n<p>Importante: nuestro tiempo de entrega se reduce a la mitad gracias a que no hay intermediarios y solo hay una ruta. \u00a1Directo de f\u00e1brica a ti, el cord\u00f3n de la m\u00e1s alta calidad!<\/p>\n<p>Para garantizar nuestro m\u00e1s alto est\u00e1ndar de calidad, cada unidad de cord\u00f3n debe ser <span class=\"clrOrange\">100% inspeccionado<\/span> Antes del env\u00edo.<\/p>\n<\/div>\n<div class=\"col-sm-12 col-md-5 videoWraper\">\n<div class=\"ast-oembed-container\" style=\"height: 100%;\"><iframe loading=\"lazy\" title=\"iLanyardmfg, su mejor f\u00e1brica de cordones y pulseras personalizados en China\" width=\"500\" height=\"281\" src=\"https:\/\/www.youtube.com\/embed\/yBab5DTlGjs?feature=oembed\" frameborder=\"0\" allow=\"accelerometer; autoplay; clipboard-write; encrypted-media; gyroscope; picture-in-picture; web-share\" referrerpolicy=\"strict-origin-when-cross-origin\" allowfullscreen><\/iframe><\/div>\n<\/div>\n<\/div>\n<\/div>\n<\/div>\n<div class=\"greySection paddTop75 paddBottom75\">\n<div class=\"container\">\n<div class=\"row cust-row\">\n<div class=\"col-sm-12\">\n<h2 class=\"paddBottom40 text-center bottomSeprater sepCenter\"><span class=\"clrOrange\">Producto<\/span> Pauta<\/h2>\n<\/div>\n<div class=\"clearfix\"><\/div>\n<div class=\"text-center paddTop55\"><div id='About_Us_Slider' class='widgets_on_page wop_tiny1  wop_small1  wop_medium1  wop_large1  wop_wide1'>\n\t\t\t<ul><li id=\"custom_html-12\" class=\"widget_text widget widget_custom_html\"><div class=\"textwidget custom-html-widget\"><ul class=\"aboutSlider\">\r\n\t<li>\r\n\t\t<div class=\"productBox\">\r\n\t\t\t<div class=\"productImage\"><a href=\"\/es\/acollador\/\"><img decoding=\"async\" src=\"\/wp-content\/uploads\/2018\/04\/sublimation-lanyards.jpg\" alt=\"cordones de sublimaci\u00f3n\"><\/a><\/div>\r\n\t\t\t<div class=\"productTitle\"><a href=\"\/es\/acollador\/\">Cordones<\/a><\/div>\r\n\t\t\t<div class=\"productLink\"><a href=\"\/es\/acollador\/\">Leer m\u00e1s<\/a><\/div>\r\n\t\t<\/div>\r\n\t<\/li>\r\n\t<li>\r\n\t\t<div class=\"productBox\">\r\n\t\t\t<div class=\"productImage\"><a href=\"\/es\/correa-de-perro\/\"><img decoding=\"async\" src=\"\/wp-content\/uploads\/2018\/04\/Dog-Leash.jpg\" alt=\"Correa para perro\"><\/a><\/div>\r\n\t\t\t<div class=\"productTitle\"><a href=\"\/es\/correa-de-perro\/\">Correa para perro<\/a><\/div>\r\n\t\t\t<div class=\"productLink\"><a href=\"\/es\/correa-de-perro\/\">Leer m\u00e1s<\/a><\/div>\r\n\t\t<\/div>\r\n\t<\/li>\r\n\t<li>\r\n\t\t<div class=\"productBox\">\r\n\t\t\t<div class=\"productImage\"><a href=\"\/es\/correas-de-camara\/\"><img decoding=\"async\" src=\"\/wp-content\/uploads\/2018\/04\/Camera-Straps.jpg\" alt=\"Correas para c\u00e1mara\"><\/a><\/div>\r\n\t\t\t<div class=\"productTitle\"><a href=\"\/es\/correas-de-camara\/\">Correas para c\u00e1mara<\/a><\/div>\r\n\t\t\t<div class=\"productLink\"><a href=\"\/es\/correas-de-camara\/\">Leer m\u00e1s<\/a><\/div>\r\n\t\t<\/div>\r\n\t<\/li>\r\n\t<li>\r\n\t\t<div class=\"productBox\">\r\n\t\t\t<div class=\"productImage\"><a href=\"\/es\/correas-de-equipaje\/\"><img decoding=\"async\" src=\"\/wp-content\/uploads\/2018\/04\/Luggage-Straps.jpg\" alt=\"Correas de equipaje\"><\/a><\/div>\r\n\t\t\t<div class=\"productTitle\"><a href=\"\/es\/correas-de-equipaje\/\">Correas de equipaje<\/a><\/div>\r\n\t\t\t<div class=\"productLink\"><a href=\"\/es\/correas-de-equipaje\/\">Leer m\u00e1s<\/a><\/div>\r\n\t\t<\/div>\r\n\t<\/li>\r\n\t<li>\r\n\t\t<div class=\"productBox\">\r\n\t\t\t<div class=\"productImage\"><a href=\"\/es\/correa-de-perro\/\"><img decoding=\"async\" src=\"\/wp-content\/uploads\/2018\/04\/Dog-Leash.jpg\" alt=\"Correa para perro\"><\/a><\/div>\r\n\t\t\t<div class=\"productTitle\"><a href=\"\/es\/correa-de-perro\/\">Correa para perro<\/a><\/div>\r\n\t\t\t<div class=\"productLink\"><a href=\"\/es\/correa-de-perro\/\">Leer m\u00e1s<\/a><\/div>\r\n\t\t<\/div>\r\n\t<\/li>\r\n<\/ul><\/div><\/li><\/ul><\/div><!-- widgets_on_page --><\/div>\n<\/div>\n<\/div>\n<\/div>\n<div class=\"wideContactForm paddTop55 paddBottom80\">\n<div class=\"container container830\">\n<div class=\"row cust-row\">\n<div class=\"col-sm-12 text-center\">\n<h2 class=\"paddBottom15\">Apoyemos su negocio<\/h2>\n<div class=\"extraSlogan clrOrange paddBottom35\">Resuelva sus problemas y reduzca sus costos<\/div>\n<\/div>\n<div class=\"clearfix\"><\/div>\n\n<div class=\"wpcf7 no-js\" id=\"wpcf7-f1298-o1\" lang=\"en-US\" dir=\"ltr\" data-wpcf7-id=\"1298\">\n<div class=\"screen-reader-response\"><p role=\"status\" aria-live=\"polite\" aria-atomic=\"true\"><\/p> <ul><\/ul><\/div>\n<form action=\"\/es\/wp-json\/wp\/v2\/pages\/12#wpcf7-f1298-o1\" method=\"post\" class=\"wpcf7-form init\" aria-label=\"Formulario de contacto\" novalidate=\"novalidate\" data-status=\"init\" data-trp-original-action=\"\/es\/wp-json\/wp\/v2\/pages\/12#wpcf7-f1298-o1\">\n<fieldset class=\"hidden-fields-container\"><input type=\"hidden\" name=\"_wpcf7\" value=\"1298\" \/><input type=\"hidden\" name=\"_wpcf7_version\" value=\"6.1.4\" \/><input type=\"hidden\" name=\"_wpcf7_locale\" value=\"en_US\" \/><input type=\"hidden\" name=\"_wpcf7_unit_tag\" value=\"wpcf7-f1298-o1\" \/><input type=\"hidden\" name=\"_wpcf7_container_post\" value=\"0\" \/><input type=\"hidden\" name=\"_wpcf7_posted_data_hash\" value=\"\" \/>\n<\/fieldset>\n<p>Su nombre:<br \/>\n<span class=\"wpcf7-form-control-wrap\" data-name=\"yourname\"><input size=\"40\" maxlength=\"400\" class=\"wpcf7-form-control wpcf7-text wpcf7-validates-as-required\" aria-required=\"true\" aria-invalid=\"false\" placeholder=\"Introduce tu nombre aqu\u00ed\" value=\"\" type=\"text\" name=\"yourname\" \/><\/span>\n<\/p>\n<p>Su correo electr\u00f3nico:<br \/>\n<span class=\"wpcf7-form-control-wrap\" data-name=\"email\"><input size=\"40\" maxlength=\"400\" class=\"wpcf7-form-control wpcf7-email wpcf7-validates-as-required wpcf7-text wpcf7-validates-as-email\" aria-required=\"true\" aria-invalid=\"false\" placeholder=\"Introduzca su direcci\u00f3n de correo electr\u00f3nico aqu\u00ed\" value=\"\" type=\"email\" name=\"email\" \/><\/span>\n<\/p>\n<p>Su empresa:<br \/>\n<span class=\"wpcf7-form-control-wrap\" data-name=\"yourcompany\"><input size=\"40\" maxlength=\"400\" class=\"wpcf7-form-control wpcf7-text wpcf7-validates-as-required\" aria-required=\"true\" aria-invalid=\"false\" placeholder=\"Introduzca el nombre de su empresa aqu\u00ed\" value=\"\" type=\"text\" name=\"yourcompany\" \/><\/span>\n<\/p>\n<p>Su mensaje:<br \/>\n<span class=\"wpcf7-form-control-wrap\" data-name=\"yourinquirement\"><input size=\"40\" maxlength=\"400\" class=\"wpcf7-form-control wpcf7-text wpcf7-validates-as-required\" aria-required=\"true\" aria-invalid=\"false\" placeholder=\"Ingrese su consulta aqu\u00ed\" value=\"\" type=\"text\" name=\"yourinquirement\" \/><\/span>\n<\/p>\n<p><input class=\"wpcf7-form-control wpcf7-submit has-spinner\" type=\"submit\" value=\"Enviar\" \/>\n<\/p><div class=\"wpcf7-response-output\" aria-hidden=\"true\"><\/div>\n<input type=\"hidden\" name=\"trp-form-language\" value=\"es\"\/><\/form>\n<\/div>\n\n<\/div>\n<\/div>\n<\/div>","protected":false},"excerpt":{"rendered":"<p>Acerca de iLanyards. Recursos de Lanyards facilita la creaci\u00f3n de los lanyards perfectos para sus necesidades, con la seguridad de que lucir\u00e1n exactamente como usted espera. Acerca de iLanyards. iLanyards es una de [\u2026]<\/p>","protected":false},"author":1,"featured_media":0,"parent":0,"menu_order":2,"comment_status":"closed","ping_status":"closed","template":"","meta":{"_acf_changed":false,"site-sidebar-layout":"no-sidebar","site-content-layout":"","ast-site-content-layout":"full-width-container","site-content-style":"default","site-sidebar-style":"default","ast-global-header-display":"","ast-banner-title-visibility":"","ast-main-header-display":"","ast-hfb-above-header-display":"","ast-hfb-below-header-display":"","ast-hfb-mobile-header-display":"","site-post-title":"disabled","ast-breadcrumbs-content":"disabled","ast-featured-img":"disabled","footer-sml-layout":"","ast-disable-related-posts":"","theme-transparent-header-meta":"default","adv-header-id-meta":"","stick-header-meta":"default","header-above-stick-meta":"","header-main-stick-meta":"","header-below-stick-meta":"","astra-migrate-meta-layouts":"set","ast-page-background-enabled":"default","ast-page-background-meta":{"desktop":{"background-color":"var(--ast-global-color-4)","background-image":"","background-repeat":"repeat","background-position":"center center","background-size":"auto","background-attachment":"scroll","background-type":"","background-media":"","overlay-type":"","overlay-color":"","overlay-opacity":"","overlay-gradient":""},"tablet":{"background-color":"","background-image":"","background-repeat":"repeat","background-position":"center center","background-size":"auto","background-attachment":"scroll","background-type":"","background-media":"","overlay-type":"","overlay-color":"","overlay-opacity":"","overlay-gradient":""},"mobile":{"background-color":"","background-image":"","background-repeat":"repeat","background-position":"center center","background-size":"auto","background-attachment":"scroll","background-type":"","background-media":"","overlay-type":"","overlay-color":"","overlay-opacity":"","overlay-gradient":""}},"ast-content-background-meta":{"desktop":{"background-color":"var(--ast-global-color-5)","background-image":"","background-repeat":"repeat","background-position":"center center","background-size":"auto","background-attachment":"scroll","background-type":"","background-media":"","overlay-type":"","overlay-color":"","overlay-opacity":"","overlay-gradient":""},"tablet":{"background-color":"var(--ast-global-color-5)","background-image":"","background-repeat":"repeat","background-position":"center center","background-size":"auto","background-attachment":"scroll","background-type":"","background-media":"","overlay-type":"","overlay-color":"","overlay-opacity":"","overlay-gradient":""},"mobile":{"background-color":"var(--ast-global-color-5)","background-image":"","background-repeat":"repeat","background-position":"center center","background-size":"auto","background-attachment":"scroll","background-type":"","background-media":"","overlay-type":"","overlay-color":"","overlay-opacity":"","overlay-gradient":""}},"footnotes":""},"class_list":["post-12","page","type-page","status-publish","hentry"],"acf":[],"yoast_head":"<!-- This site is optimized with the Yoast SEO plugin v27.2 - https:\/\/yoast.com\/product\/yoast-seo-wordpress\/ -->\n<title>About iLanyards | You best Lanyards Partner<\/title>\n<meta name=\"robots\" content=\"index, follow, max-snippet:-1, max-image-preview:large, max-video-preview:-1\" \/>\n<link rel=\"canonical\" href=\"https:\/\/www.ilanyardmfg.com\/es\/sobre-nosotros\/\" \/>\n<meta property=\"og:locale\" content=\"es_ES\" \/>\n<meta property=\"og:type\" content=\"article\" \/>\n<meta property=\"og:title\" content=\"About iLanyards | You best Lanyards Partner\" \/>\n<meta property=\"og:description\" content=\"About iLanyards Lanyards Resources makes it easy to create the perfect lanyards for your needs with the confidence they&#8217;ll look exactly like you expect. About iLanyards iLanyards is one of [&hellip;]\" \/>\n<meta property=\"og:url\" content=\"https:\/\/www.ilanyardmfg.com\/es\/sobre-nosotros\/\" \/>\n<meta property=\"og:site_name\" content=\"Custom Lanyard Factory in China\" \/>\n<meta property=\"article:modified_time\" content=\"2025-04-10T07:48:41+00:00\" \/>\n<meta name=\"twitter:card\" content=\"summary_large_image\" \/>\n<meta name=\"twitter:label1\" content=\"Tiempo de lectura\" \/>\n\t<meta name=\"twitter:data1\" content=\"1 minuto\" \/>\n<script type=\"application\/ld+json\" class=\"yoast-schema-graph\">{\"@context\":\"https:\/\/schema.org\",\"@graph\":[{\"@type\":\"WebPage\",\"@id\":\"https:\/\/www.ilanyardmfg.com\/about-us\/\",\"url\":\"https:\/\/www.ilanyardmfg.com\/about-us\/\",\"name\":\"About iLanyards | You best Lanyards Partner\",\"isPartOf\":{\"@id\":\"https:\/\/www.ilanyardmfg.com\/#website\"},\"datePublished\":\"2018-03-30T13:17:17+00:00\",\"dateModified\":\"2025-04-10T07:48:41+00:00\",\"breadcrumb\":{\"@id\":\"https:\/\/www.ilanyardmfg.com\/about-us\/#breadcrumb\"},\"inLanguage\":\"es\",\"potentialAction\":[{\"@type\":\"ReadAction\",\"target\":[\"https:\/\/www.ilanyardmfg.com\/about-us\/\"]}]},{\"@type\":\"BreadcrumbList\",\"@id\":\"https:\/\/www.ilanyardmfg.com\/about-us\/#breadcrumb\",\"itemListElement\":[{\"@type\":\"ListItem\",\"position\":1,\"name\":\"Home\",\"item\":\"https:\/\/www.ilanyardmfg.com\/\"},{\"@type\":\"ListItem\",\"position\":2,\"name\":\"About Us\"}]},{\"@type\":\"WebSite\",\"@id\":\"https:\/\/www.ilanyardmfg.com\/#website\",\"url\":\"https:\/\/www.ilanyardmfg.com\/\",\"name\":\"Custom Lanyard Factory in China\",\"description\":\"\",\"publisher\":{\"@id\":\"https:\/\/www.ilanyardmfg.com\/#organization\"},\"potentialAction\":[{\"@type\":\"SearchAction\",\"target\":{\"@type\":\"EntryPoint\",\"urlTemplate\":\"https:\/\/www.ilanyardmfg.com\/?s={search_term_string}\"},\"query-input\":{\"@type\":\"PropertyValueSpecification\",\"valueRequired\":true,\"valueName\":\"search_term_string\"}}],\"inLanguage\":\"es\"},{\"@type\":\"Organization\",\"@id\":\"https:\/\/www.ilanyardmfg.com\/#organization\",\"name\":\"Custom Lanyard Factory in China\",\"url\":\"https:\/\/www.ilanyardmfg.com\/\",\"logo\":{\"@type\":\"ImageObject\",\"inLanguage\":\"es\",\"@id\":\"https:\/\/www.ilanyardmfg.com\/#\/schema\/logo\/image\/\",\"url\":\"https:\/\/www.ilanyardmfg.com\/wp-content\/uploads\/2018\/03\/logo.png\",\"contentUrl\":\"https:\/\/www.ilanyardmfg.com\/wp-content\/uploads\/2018\/03\/logo.png\",\"width\":217,\"height\":46,\"caption\":\"Custom Lanyard Factory in China\"},\"image\":{\"@id\":\"https:\/\/www.ilanyardmfg.com\/#\/schema\/logo\/image\/\"}}]}<\/script>\n<!-- \/ Yoast SEO plugin. -->","yoast_head_json":{"title":"Acerca de iLanyards | Tu mejor socio de Lanyards","robots":{"index":"index","follow":"follow","max-snippet":"max-snippet:-1","max-image-preview":"max-image-preview:large","max-video-preview":"max-video-preview:-1"},"canonical":"https:\/\/www.ilanyardmfg.com\/es\/sobre-nosotros\/","og_locale":"es_ES","og_type":"article","og_title":"About iLanyards | You best Lanyards Partner","og_description":"About iLanyards Lanyards Resources makes it easy to create the perfect lanyards for your needs with the confidence they&#8217;ll look exactly like you expect. About iLanyards iLanyards is one of [&hellip;]","og_url":"https:\/\/www.ilanyardmfg.com\/es\/sobre-nosotros\/","og_site_name":"Custom Lanyard Factory in China","article_modified_time":"2025-04-10T07:48:41+00:00","twitter_card":"summary_large_image","twitter_misc":{"Tiempo de lectura":"1 minuto"},"schema":{"@context":"https:\/\/schema.org","@graph":[{"@type":"WebPage","@id":"https:\/\/www.ilanyardmfg.com\/about-us\/","url":"https:\/\/www.ilanyardmfg.com\/about-us\/","name":"Acerca de iLanyards | Tu mejor socio de Lanyards","isPartOf":{"@id":"https:\/\/www.ilanyardmfg.com\/#website"},"datePublished":"2018-03-30T13:17:17+00:00","dateModified":"2025-04-10T07:48:41+00:00","breadcrumb":{"@id":"https:\/\/www.ilanyardmfg.com\/about-us\/#breadcrumb"},"inLanguage":"es","potentialAction":[{"@type":"ReadAction","target":["https:\/\/www.ilanyardmfg.com\/about-us\/"]}]},{"@type":"BreadcrumbList","@id":"https:\/\/www.ilanyardmfg.com\/about-us\/#breadcrumb","itemListElement":[{"@type":"ListItem","position":1,"name":"Home","item":"https:\/\/www.ilanyardmfg.com\/"},{"@type":"ListItem","position":2,"name":"About Us"}]},{"@type":"WebSite","@id":"https:\/\/www.ilanyardmfg.com\/#website","url":"https:\/\/www.ilanyardmfg.com\/","name":"F\u00e1brica de cordones personalizados en China","description":"","publisher":{"@id":"https:\/\/www.ilanyardmfg.com\/#organization"},"potentialAction":[{"@type":"SearchAction","target":{"@type":"EntryPoint","urlTemplate":"https:\/\/www.ilanyardmfg.com\/?s={search_term_string}"},"query-input":{"@type":"PropertyValueSpecification","valueRequired":true,"valueName":"search_term_string"}}],"inLanguage":"es"},{"@type":"Organization","@id":"https:\/\/www.ilanyardmfg.com\/#organization","name":"F\u00e1brica de cordones personalizados en China","url":"https:\/\/www.ilanyardmfg.com\/","logo":{"@type":"ImageObject","inLanguage":"es","@id":"https:\/\/www.ilanyardmfg.com\/#\/schema\/logo\/image\/","url":"https:\/\/www.ilanyardmfg.com\/wp-content\/uploads\/2018\/03\/logo.png","contentUrl":"https:\/\/www.ilanyardmfg.com\/wp-content\/uploads\/2018\/03\/logo.png","width":217,"height":46,"caption":"Custom Lanyard Factory in China"},"image":{"@id":"https:\/\/www.ilanyardmfg.com\/#\/schema\/logo\/image\/"}}]}},"_links":{"self":[{"href":"https:\/\/www.ilanyardmfg.com\/es\/wp-json\/wp\/v2\/pages\/12","targetHints":{"allow":["GET"]}}],"collection":[{"href":"https:\/\/www.ilanyardmfg.com\/es\/wp-json\/wp\/v2\/pages"}],"about":[{"href":"https:\/\/www.ilanyardmfg.com\/es\/wp-json\/wp\/v2\/types\/page"}],"author":[{"embeddable":true,"href":"https:\/\/www.ilanyardmfg.com\/es\/wp-json\/wp\/v2\/users\/1"}],"replies":[{"embeddable":true,"href":"https:\/\/www.ilanyardmfg.com\/es\/wp-json\/wp\/v2\/comments?post=12"}],"version-history":[{"count":6,"href":"https:\/\/www.ilanyardmfg.com\/es\/wp-json\/wp\/v2\/pages\/12\/revisions"}],"predecessor-version":[{"id":1300,"href":"https:\/\/www.ilanyardmfg.com\/es\/wp-json\/wp\/v2\/pages\/12\/revisions\/1300"}],"wp:attachment":[{"href":"https:\/\/www.ilanyardmfg.com\/es\/wp-json\/wp\/v2\/media?parent=12"}],"curies":[{"name":"wp","href":"https:\/\/api.w.org\/{rel}","templated":true}]}}