{"id":12,"date":"2018-03-30T13:17:17","date_gmt":"2018-03-30T13:17:17","guid":{"rendered":"http:\/\/ilanyard.digitalpixels.co\/?page_id=12"},"modified":"2025-04-10T07:48:41","modified_gmt":"2025-04-10T07:48:41","slug":"a-propos-de-nous","status":"publish","type":"page","link":"https:\/\/www.ilanyardmfg.com\/fr\/a-propos-de-nous\/","title":{"rendered":"\u00c0 propos de nous"},"content":{"rendered":"<div class=\"aboutPageBanner innerPageBanner\">\n<div class=\"container\">\n<div class=\"row\">\n<div class=\"col-sm-12 col-md-6\">\n<div class=\"bannerText\">\n<div class=\"bannerHeading paddBottom30 bottomSeprater bottomSepraterWhite\">\u00c0 propos d&#039;iLanyards<\/div>\n<div class=\"bannerSlogan\">Lanyards Resources vous permet de cr\u00e9er facilement les cordons parfaits pour vos besoins avec la certitude qu&#039;ils ressembleront exactement \u00e0 ce que vous attendez.<\/div>\n<\/div>\n<\/div>\n<\/div>\n<\/div>\n<\/div>\n<div class=\"aboutContent paddTop65 paddBottom75\">\n<div class=\"container\">\n<div class=\"row cust-row\">\n<div class=\"col-sm-12\">\n<h1 class=\"bottomSeprater paddBottom30 clrOrange\">\u00c0 propos d&#039;iLanyards<\/h1>\n<\/div>\n<div class=\"col-sm-12 col-md-7\">\n<p>iLanyards est l&#039;un des fournisseurs d&#039;articles promotionnels les plus performants de Chine. Nos produits incluent\u00a0: <a href=\"\/fr\/cordon\/cordons-en-polyester\/\">cordon en polyester<\/a>, <a href=\"\/fr\/cordon\/cordon-en-nylon\/\">cordon en nylon<\/a>, cordon tubulaire, cordon tiss\u00e9, cordon s\u00e9rigraphi\u00e9 et populaire <a href=\"\/fr\/cordon\/cordons-de-sublimation\/\">cordon de sublimation<\/a>.<\/p>\n<p>Plus de 13 ans d&#039;exp\u00e9rience sur le march\u00e9 des cordons, nous sommes le partenaire fiable que vous recherchez en Chine. iLanyards fournit plus de 300 clients dans le monde entier.<\/p>\n<p>Plus de 1\u00a0500 m\u00b2 d&#039;atelier et 30 employeurs. Et des locaux bien \u00e9quip\u00e9s. <a href=\"https:\/\/www.ilanyardmfg.com\/fr\/usine-de-cordons\/\" target=\"_blank\" rel=\"noopener\">usine de cordons<\/a> Nous sommes donc capables de g\u00e9rer les commandes importantes et de personnaliser les petites commandes au quotidien. Cr\u00e9ez votre propre cordon chez iLanyards. <span class=\"clrOrange\">pas de frais d&#039;installation<\/span>, et <span class=\"clrOrange\">\u00e9chantillon gratuit<\/span> sera fourni si n\u00e9cessaire.<\/p>\n<p>Important\u00a0: nos d\u00e9lais de livraison sont divis\u00e9s par deux gr\u00e2ce \u00e0 l&#039;absence d&#039;interm\u00e9diaire et \u00e0 un seul itin\u00e9raire. Nous vous livrons directement de notre usine un cordon de la plus haute qualit\u00e9\u00a0!<\/p>\n<p>Afin de garantir notre plus haut standard de qualit\u00e9, chaque cordon unitaire doit \u00eatre <span class=\"clrOrange\">100% inspect\u00e9<\/span> avant l&#039;exp\u00e9dition.<\/p>\n<\/div>\n<div class=\"col-sm-12 col-md-5 videoWraper\">\n<div class=\"ast-oembed-container\" style=\"height: 100%;\"><iframe loading=\"lazy\" title=\"Votre meilleur fabricant de cordons et bracelets personnalis\u00e9s en Chine - iLanyardmfg\" width=\"500\" height=\"281\" src=\"https:\/\/www.youtube.com\/embed\/yBab5DTlGjs?feature=oembed\" frameborder=\"0\" allow=\"accelerometer; autoplay; clipboard-write; encrypted-media; gyroscope; picture-in-picture; web-share\" referrerpolicy=\"strict-origin-when-cross-origin\" allowfullscreen><\/iframe><\/div>\n<\/div>\n<\/div>\n<\/div>\n<\/div>\n<div class=\"greySection paddTop75 paddBottom75\">\n<div class=\"container\">\n<div class=\"row cust-row\">\n<div class=\"col-sm-12\">\n<h2 class=\"paddBottom40 text-center bottomSeprater sepCenter\"><span class=\"clrOrange\">Produit<\/span> Lignes<\/h2>\n<\/div>\n<div class=\"clearfix\"><\/div>\n<div class=\"text-center paddTop55\"><div id='About_Us_Slider' class='widgets_on_page wop_tiny1  wop_small1  wop_medium1  wop_large1  wop_wide1'>\n\t\t\t<ul><li id=\"custom_html-12\" class=\"widget_text widget widget_custom_html\"><div class=\"textwidget custom-html-widget\"><ul class=\"aboutSlider\">\r\n\t<li>\r\n\t\t<div class=\"productBox\">\r\n\t\t\t<div class=\"productImage\"><a href=\"\/fr\/cordon\/\"><img decoding=\"async\" src=\"\/wp-content\/uploads\/2018\/04\/sublimation-lanyards.jpg\" alt=\"cordons de sublimation\"><\/a><\/div>\r\n\t\t\t<div class=\"productTitle\"><a href=\"\/fr\/cordon\/\">Cordons<\/a><\/div>\r\n\t\t\t<div class=\"productLink\"><a href=\"\/fr\/cordon\/\">En savoir plus<\/a><\/div>\r\n\t\t<\/div>\r\n\t<\/li>\r\n\t<li>\r\n\t\t<div class=\"productBox\">\r\n\t\t\t<div class=\"productImage\"><a href=\"\/fr\/laisse-pour-chien\/\"><img decoding=\"async\" src=\"\/wp-content\/uploads\/2018\/04\/Dog-Leash.jpg\" alt=\"Laisse pour chien\"><\/a><\/div>\r\n\t\t\t<div class=\"productTitle\"><a href=\"\/fr\/laisse-pour-chien\/\">Laisse pour chien<\/a><\/div>\r\n\t\t\t<div class=\"productLink\"><a href=\"\/fr\/laisse-pour-chien\/\">En savoir plus<\/a><\/div>\r\n\t\t<\/div>\r\n\t<\/li>\r\n\t<li>\r\n\t\t<div class=\"productBox\">\r\n\t\t\t<div class=\"productImage\"><a href=\"\/fr\/sangles-dappareil-photo\/\"><img decoding=\"async\" src=\"\/wp-content\/uploads\/2018\/04\/Camera-Straps.jpg\" alt=\"Sangles d&#039;appareil photo\"><\/a><\/div>\r\n\t\t\t<div class=\"productTitle\"><a href=\"\/fr\/sangles-dappareil-photo\/\">Sangles d&#039;appareil photo<\/a><\/div>\r\n\t\t\t<div class=\"productLink\"><a href=\"\/fr\/sangles-dappareil-photo\/\">En savoir plus<\/a><\/div>\r\n\t\t<\/div>\r\n\t<\/li>\r\n\t<li>\r\n\t\t<div class=\"productBox\">\r\n\t\t\t<div class=\"productImage\"><a href=\"\/fr\/sangles-de-bagages\/\"><img decoding=\"async\" src=\"\/wp-content\/uploads\/2018\/04\/Luggage-Straps.jpg\" alt=\"Sangles de bagages\"><\/a><\/div>\r\n\t\t\t<div class=\"productTitle\"><a href=\"\/fr\/sangles-de-bagages\/\">Sangles de bagages<\/a><\/div>\r\n\t\t\t<div class=\"productLink\"><a href=\"\/fr\/sangles-de-bagages\/\">En savoir plus<\/a><\/div>\r\n\t\t<\/div>\r\n\t<\/li>\r\n\t<li>\r\n\t\t<div class=\"productBox\">\r\n\t\t\t<div class=\"productImage\"><a href=\"\/fr\/laisse-pour-chien\/\"><img decoding=\"async\" src=\"\/wp-content\/uploads\/2018\/04\/Dog-Leash.jpg\" alt=\"Laisse pour chien\"><\/a><\/div>\r\n\t\t\t<div class=\"productTitle\"><a href=\"\/fr\/laisse-pour-chien\/\">Laisse pour chien<\/a><\/div>\r\n\t\t\t<div class=\"productLink\"><a href=\"\/fr\/laisse-pour-chien\/\">En savoir plus<\/a><\/div>\r\n\t\t<\/div>\r\n\t<\/li>\r\n<\/ul><\/div><\/li><\/ul><\/div><!-- widgets_on_page --><\/div>\n<\/div>\n<\/div>\n<\/div>\n<div class=\"wideContactForm paddTop55 paddBottom80\">\n<div class=\"container container830\">\n<div class=\"row cust-row\">\n<div class=\"col-sm-12 text-center\">\n<h2 class=\"paddBottom15\">Soutenons votre entreprise<\/h2>\n<div class=\"extraSlogan clrOrange paddBottom35\">R\u00e9solvez vos probl\u00e8mes et r\u00e9duisez vos co\u00fbts<\/div>\n<\/div>\n<div class=\"clearfix\"><\/div>\n\n<div class=\"wpcf7 no-js\" id=\"wpcf7-f1298-o1\" lang=\"en-US\" dir=\"ltr\" data-wpcf7-id=\"1298\">\n<div class=\"screen-reader-response\"><p role=\"status\" aria-live=\"polite\" aria-atomic=\"true\"><\/p> <ul><\/ul><\/div>\n<form action=\"\/fr\/wp-json\/wp\/v2\/pages\/12#wpcf7-f1298-o1\" method=\"post\" class=\"wpcf7-form init\" aria-label=\"Formulaire de contact\" novalidate=\"novalidate\" data-status=\"init\" data-trp-original-action=\"\/fr\/wp-json\/wp\/v2\/pages\/12#wpcf7-f1298-o1\">\n<fieldset class=\"hidden-fields-container\"><input type=\"hidden\" name=\"_wpcf7\" value=\"1298\" \/><input type=\"hidden\" name=\"_wpcf7_version\" value=\"6.1.4\" \/><input type=\"hidden\" name=\"_wpcf7_locale\" value=\"en_US\" \/><input type=\"hidden\" name=\"_wpcf7_unit_tag\" value=\"wpcf7-f1298-o1\" \/><input type=\"hidden\" name=\"_wpcf7_container_post\" value=\"0\" \/><input type=\"hidden\" name=\"_wpcf7_posted_data_hash\" value=\"\" \/>\n<\/fieldset>\n<p>Votre nom:<br \/>\n<span class=\"wpcf7-form-control-wrap\" data-name=\"yourname\"><input size=\"40\" maxlength=\"400\" class=\"wpcf7-form-control wpcf7-text wpcf7-validates-as-required\" aria-required=\"true\" aria-invalid=\"false\" placeholder=\"Entrez votre nom ici\" value=\"\" type=\"text\" name=\"yourname\" \/><\/span>\n<\/p>\n<p>Votre e-mail:<br \/>\n<span class=\"wpcf7-form-control-wrap\" data-name=\"email\"><input size=\"40\" maxlength=\"400\" class=\"wpcf7-form-control wpcf7-email wpcf7-validates-as-required wpcf7-text wpcf7-validates-as-email\" aria-required=\"true\" aria-invalid=\"false\" placeholder=\"Entrez votre adresse email ici\" value=\"\" type=\"email\" name=\"email\" \/><\/span>\n<\/p>\n<p>Votre entreprise :<br \/>\n<span class=\"wpcf7-form-control-wrap\" data-name=\"yourcompany\"><input size=\"40\" maxlength=\"400\" class=\"wpcf7-form-control wpcf7-text wpcf7-validates-as-required\" aria-required=\"true\" aria-invalid=\"false\" placeholder=\"Entrez le nom de votre entreprise ici\" value=\"\" type=\"text\" name=\"yourcompany\" \/><\/span>\n<\/p>\n<p>Votre message:<br \/>\n<span class=\"wpcf7-form-control-wrap\" data-name=\"yourinquirement\"><input size=\"40\" maxlength=\"400\" class=\"wpcf7-form-control wpcf7-text wpcf7-validates-as-required\" aria-required=\"true\" aria-invalid=\"false\" placeholder=\"Entrez votre demande ici\" value=\"\" type=\"text\" name=\"yourinquirement\" \/><\/span>\n<\/p>\n<p><input class=\"wpcf7-form-control wpcf7-submit has-spinner\" type=\"submit\" value=\"Envoyer\" \/>\n<\/p><div class=\"wpcf7-response-output\" aria-hidden=\"true\"><\/div>\n<input type=\"hidden\" name=\"trp-form-language\" value=\"fr\"\/><\/form>\n<\/div>\n\n<\/div>\n<\/div>\n<\/div>","protected":false},"excerpt":{"rendered":"<p>About iLanyards Lanyards Resources makes it easy to create the perfect lanyards for your needs with the confidence they&#8217;ll look exactly like you expect. About iLanyards iLanyards is one of [&hellip;]<\/p>","protected":false},"author":1,"featured_media":0,"parent":0,"menu_order":2,"comment_status":"closed","ping_status":"closed","template":"","meta":{"_acf_changed":false,"site-sidebar-layout":"no-sidebar","site-content-layout":"","ast-site-content-layout":"full-width-container","site-content-style":"default","site-sidebar-style":"default","ast-global-header-display":"","ast-banner-title-visibility":"","ast-main-header-display":"","ast-hfb-above-header-display":"","ast-hfb-below-header-display":"","ast-hfb-mobile-header-display":"","site-post-title":"disabled","ast-breadcrumbs-content":"disabled","ast-featured-img":"disabled","footer-sml-layout":"","ast-disable-related-posts":"","theme-transparent-header-meta":"default","adv-header-id-meta":"","stick-header-meta":"default","header-above-stick-meta":"","header-main-stick-meta":"","header-below-stick-meta":"","astra-migrate-meta-layouts":"set","ast-page-background-enabled":"default","ast-page-background-meta":{"desktop":{"background-color":"var(--ast-global-color-4)","background-image":"","background-repeat":"repeat","background-position":"center center","background-size":"auto","background-attachment":"scroll","background-type":"","background-media":"","overlay-type":"","overlay-color":"","overlay-opacity":"","overlay-gradient":""},"tablet":{"background-color":"","background-image":"","background-repeat":"repeat","background-position":"center center","background-size":"auto","background-attachment":"scroll","background-type":"","background-media":"","overlay-type":"","overlay-color":"","overlay-opacity":"","overlay-gradient":""},"mobile":{"background-color":"","background-image":"","background-repeat":"repeat","background-position":"center center","background-size":"auto","background-attachment":"scroll","background-type":"","background-media":"","overlay-type":"","overlay-color":"","overlay-opacity":"","overlay-gradient":""}},"ast-content-background-meta":{"desktop":{"background-color":"var(--ast-global-color-5)","background-image":"","background-repeat":"repeat","background-position":"center center","background-size":"auto","background-attachment":"scroll","background-type":"","background-media":"","overlay-type":"","overlay-color":"","overlay-opacity":"","overlay-gradient":""},"tablet":{"background-color":"var(--ast-global-color-5)","background-image":"","background-repeat":"repeat","background-position":"center center","background-size":"auto","background-attachment":"scroll","background-type":"","background-media":"","overlay-type":"","overlay-color":"","overlay-opacity":"","overlay-gradient":""},"mobile":{"background-color":"var(--ast-global-color-5)","background-image":"","background-repeat":"repeat","background-position":"center center","background-size":"auto","background-attachment":"scroll","background-type":"","background-media":"","overlay-type":"","overlay-color":"","overlay-opacity":"","overlay-gradient":""}},"footnotes":""},"class_list":["post-12","page","type-page","status-publish","hentry"],"acf":[],"yoast_head":"<!-- This site is optimized with the Yoast SEO plugin v27.2 - https:\/\/yoast.com\/product\/yoast-seo-wordpress\/ -->\n<title>About iLanyards | You best Lanyards Partner<\/title>\n<meta name=\"robots\" content=\"index, follow, max-snippet:-1, max-image-preview:large, max-video-preview:-1\" \/>\n<link rel=\"canonical\" href=\"https:\/\/www.ilanyardmfg.com\/fr\/a-propos-de-nous\/\" \/>\n<meta property=\"og:locale\" content=\"fr_FR\" \/>\n<meta property=\"og:type\" content=\"article\" \/>\n<meta property=\"og:title\" content=\"About iLanyards | You best Lanyards Partner\" \/>\n<meta property=\"og:description\" content=\"About iLanyards Lanyards Resources makes it easy to create the perfect lanyards for your needs with the confidence they&#8217;ll look exactly like you expect. About iLanyards iLanyards is one of [&hellip;]\" \/>\n<meta property=\"og:url\" content=\"https:\/\/www.ilanyardmfg.com\/fr\/a-propos-de-nous\/\" \/>\n<meta property=\"og:site_name\" content=\"Custom Lanyard Factory in China\" \/>\n<meta property=\"article:modified_time\" content=\"2025-04-10T07:48:41+00:00\" \/>\n<meta name=\"twitter:card\" content=\"summary_large_image\" \/>\n<meta name=\"twitter:label1\" content=\"Dur\u00e9e de lecture estim\u00e9e\" \/>\n\t<meta name=\"twitter:data1\" content=\"1 minute\" \/>\n<script type=\"application\/ld+json\" class=\"yoast-schema-graph\">{\"@context\":\"https:\/\/schema.org\",\"@graph\":[{\"@type\":\"WebPage\",\"@id\":\"https:\/\/www.ilanyardmfg.com\/about-us\/\",\"url\":\"https:\/\/www.ilanyardmfg.com\/about-us\/\",\"name\":\"About iLanyards | You best Lanyards Partner\",\"isPartOf\":{\"@id\":\"https:\/\/www.ilanyardmfg.com\/#website\"},\"datePublished\":\"2018-03-30T13:17:17+00:00\",\"dateModified\":\"2025-04-10T07:48:41+00:00\",\"breadcrumb\":{\"@id\":\"https:\/\/www.ilanyardmfg.com\/about-us\/#breadcrumb\"},\"inLanguage\":\"fr-FR\",\"potentialAction\":[{\"@type\":\"ReadAction\",\"target\":[\"https:\/\/www.ilanyardmfg.com\/about-us\/\"]}]},{\"@type\":\"BreadcrumbList\",\"@id\":\"https:\/\/www.ilanyardmfg.com\/about-us\/#breadcrumb\",\"itemListElement\":[{\"@type\":\"ListItem\",\"position\":1,\"name\":\"Home\",\"item\":\"https:\/\/www.ilanyardmfg.com\/\"},{\"@type\":\"ListItem\",\"position\":2,\"name\":\"About Us\"}]},{\"@type\":\"WebSite\",\"@id\":\"https:\/\/www.ilanyardmfg.com\/#website\",\"url\":\"https:\/\/www.ilanyardmfg.com\/\",\"name\":\"Custom Lanyard Factory in China\",\"description\":\"\",\"publisher\":{\"@id\":\"https:\/\/www.ilanyardmfg.com\/#organization\"},\"potentialAction\":[{\"@type\":\"SearchAction\",\"target\":{\"@type\":\"EntryPoint\",\"urlTemplate\":\"https:\/\/www.ilanyardmfg.com\/?s={search_term_string}\"},\"query-input\":{\"@type\":\"PropertyValueSpecification\",\"valueRequired\":true,\"valueName\":\"search_term_string\"}}],\"inLanguage\":\"fr-FR\"},{\"@type\":\"Organization\",\"@id\":\"https:\/\/www.ilanyardmfg.com\/#organization\",\"name\":\"Custom Lanyard Factory in China\",\"url\":\"https:\/\/www.ilanyardmfg.com\/\",\"logo\":{\"@type\":\"ImageObject\",\"inLanguage\":\"fr-FR\",\"@id\":\"https:\/\/www.ilanyardmfg.com\/#\/schema\/logo\/image\/\",\"url\":\"https:\/\/www.ilanyardmfg.com\/wp-content\/uploads\/2018\/03\/logo.png\",\"contentUrl\":\"https:\/\/www.ilanyardmfg.com\/wp-content\/uploads\/2018\/03\/logo.png\",\"width\":217,\"height\":46,\"caption\":\"Custom Lanyard Factory in China\"},\"image\":{\"@id\":\"https:\/\/www.ilanyardmfg.com\/#\/schema\/logo\/image\/\"}}]}<\/script>\n<!-- \/ Yoast SEO plugin. -->","yoast_head_json":{"title":"\u00c0 propos d&#039;iLanyards | Votre meilleur partenaire pour les cordons","robots":{"index":"index","follow":"follow","max-snippet":"max-snippet:-1","max-image-preview":"max-image-preview:large","max-video-preview":"max-video-preview:-1"},"canonical":"https:\/\/www.ilanyardmfg.com\/fr\/a-propos-de-nous\/","og_locale":"fr_FR","og_type":"article","og_title":"About iLanyards | You best Lanyards Partner","og_description":"About iLanyards Lanyards Resources makes it easy to create the perfect lanyards for your needs with the confidence they&#8217;ll look exactly like you expect. About iLanyards iLanyards is one of [&hellip;]","og_url":"https:\/\/www.ilanyardmfg.com\/fr\/a-propos-de-nous\/","og_site_name":"Custom Lanyard Factory in China","article_modified_time":"2025-04-10T07:48:41+00:00","twitter_card":"summary_large_image","twitter_misc":{"Dur\u00e9e de lecture estim\u00e9e":"1 minute"},"schema":{"@context":"https:\/\/schema.org","@graph":[{"@type":"WebPage","@id":"https:\/\/www.ilanyardmfg.com\/about-us\/","url":"https:\/\/www.ilanyardmfg.com\/about-us\/","name":"\u00c0 propos d&#039;iLanyards | Votre meilleur partenaire pour les cordons","isPartOf":{"@id":"https:\/\/www.ilanyardmfg.com\/#website"},"datePublished":"2018-03-30T13:17:17+00:00","dateModified":"2025-04-10T07:48:41+00:00","breadcrumb":{"@id":"https:\/\/www.ilanyardmfg.com\/about-us\/#breadcrumb"},"inLanguage":"fr-FR","potentialAction":[{"@type":"ReadAction","target":["https:\/\/www.ilanyardmfg.com\/about-us\/"]}]},{"@type":"BreadcrumbList","@id":"https:\/\/www.ilanyardmfg.com\/about-us\/#breadcrumb","itemListElement":[{"@type":"ListItem","position":1,"name":"Home","item":"https:\/\/www.ilanyardmfg.com\/"},{"@type":"ListItem","position":2,"name":"About Us"}]},{"@type":"WebSite","@id":"https:\/\/www.ilanyardmfg.com\/#website","url":"https:\/\/www.ilanyardmfg.com\/","name":"Usine de cordons personnalis\u00e9s en Chine","description":"","publisher":{"@id":"https:\/\/www.ilanyardmfg.com\/#organization"},"potentialAction":[{"@type":"SearchAction","target":{"@type":"EntryPoint","urlTemplate":"https:\/\/www.ilanyardmfg.com\/?s={search_term_string}"},"query-input":{"@type":"PropertyValueSpecification","valueRequired":true,"valueName":"search_term_string"}}],"inLanguage":"fr-FR"},{"@type":"Organization","@id":"https:\/\/www.ilanyardmfg.com\/#organization","name":"Usine de cordons personnalis\u00e9s en Chine","url":"https:\/\/www.ilanyardmfg.com\/","logo":{"@type":"ImageObject","inLanguage":"fr-FR","@id":"https:\/\/www.ilanyardmfg.com\/#\/schema\/logo\/image\/","url":"https:\/\/www.ilanyardmfg.com\/wp-content\/uploads\/2018\/03\/logo.png","contentUrl":"https:\/\/www.ilanyardmfg.com\/wp-content\/uploads\/2018\/03\/logo.png","width":217,"height":46,"caption":"Custom Lanyard Factory in China"},"image":{"@id":"https:\/\/www.ilanyardmfg.com\/#\/schema\/logo\/image\/"}}]}},"_links":{"self":[{"href":"https:\/\/www.ilanyardmfg.com\/fr\/wp-json\/wp\/v2\/pages\/12","targetHints":{"allow":["GET"]}}],"collection":[{"href":"https:\/\/www.ilanyardmfg.com\/fr\/wp-json\/wp\/v2\/pages"}],"about":[{"href":"https:\/\/www.ilanyardmfg.com\/fr\/wp-json\/wp\/v2\/types\/page"}],"author":[{"embeddable":true,"href":"https:\/\/www.ilanyardmfg.com\/fr\/wp-json\/wp\/v2\/users\/1"}],"replies":[{"embeddable":true,"href":"https:\/\/www.ilanyardmfg.com\/fr\/wp-json\/wp\/v2\/comments?post=12"}],"version-history":[{"count":6,"href":"https:\/\/www.ilanyardmfg.com\/fr\/wp-json\/wp\/v2\/pages\/12\/revisions"}],"predecessor-version":[{"id":1300,"href":"https:\/\/www.ilanyardmfg.com\/fr\/wp-json\/wp\/v2\/pages\/12\/revisions\/1300"}],"wp:attachment":[{"href":"https:\/\/www.ilanyardmfg.com\/fr\/wp-json\/wp\/v2\/media?parent=12"}],"curies":[{"name":"wp","href":"https:\/\/api.w.org\/{rel}","templated":true}]}}